{"id":100,"date":"2022-02-12T18:11:41","date_gmt":"2022-02-12T22:41:41","guid":{"rendered":"https:\/\/dejureasambleaptoptard.com\/?page_id=100"},"modified":"2022-02-13T16:13:02","modified_gmt":"2022-02-13T20:43:02","slug":"elementor-100","status":"publish","type":"page","link":"https:\/\/dejureasambleaptoptard.com\/?page_id=100","title":{"rendered":"Aviso P\u00fablico"},"content":{"rendered":"\t\t<div data-elementor-type=\"wp-page\" data-elementor-id=\"100\" class=\"elementor elementor-100\">\n\t\t\t\t\t\t<section class=\"elementor-section elementor-top-section elementor-element elementor-element-74cc817 elementor-section-boxed elementor-section-height-default elementor-section-height-default\" data-id=\"74cc817\" data-element_type=\"section\" data-e-type=\"section\">\n\t\t\t\t\t\t<div class=\"elementor-container elementor-column-gap-default\">\n\t\t\t\t\t<div class=\"elementor-column elementor-col-100 elementor-top-column elementor-element elementor-element-778d411\" data-id=\"778d411\" data-element_type=\"column\" data-e-type=\"column\">\n\t\t\t<div class=\"elementor-widget-wrap elementor-element-populated\">\n\t\t\t\t\t\t<div class=\"elementor-element elementor-element-85997f0 elementor-widget elementor-widget-heading\" data-id=\"85997f0\" data-element_type=\"widget\" data-e-type=\"widget\" data-widget_type=\"heading.default\">\n\t\t\t\t<div class=\"elementor-widget-container\">\n\t\t\t\t\t<h2 class=\"elementor-heading-title elementor-size-default\">Aviso P\u00fablico<\/h2>\t\t\t\t<\/div>\n\t\t\t\t<\/div>\n\t\t\t\t\t<\/div>\n\t\t<\/div>\n\t\t\t\t\t<\/div>\n\t\t<\/section>\n\t\t\t\t<section class=\"elementor-section elementor-top-section elementor-element elementor-element-ba57536 elementor-section-boxed elementor-section-height-default elementor-section-height-default\" data-id=\"ba57536\" data-element_type=\"section\" data-e-type=\"section\">\n\t\t\t\t\t\t<div class=\"elementor-container elementor-column-gap-default\">\n\t\t\t\t\t<div class=\"elementor-column elementor-col-100 elementor-top-column elementor-element elementor-element-f235818\" data-id=\"f235818\" data-element_type=\"column\" data-e-type=\"column\">\n\t\t\t<div class=\"elementor-widget-wrap elementor-element-populated\">\n\t\t\t\t\t\t<div class=\"elementor-element elementor-element-c6145f1 elementor-widget elementor-widget-text-editor\" data-id=\"c6145f1\" data-element_type=\"widget\" data-e-type=\"widget\" data-widget_type=\"text-editor.default\">\n\t\t\t\t<div class=\"elementor-widget-container\">\n\t\t\t\t\t\t\t\t\t<h2><strong>Aviso Oficial de Existencia<br \/>De Jure Asamblea Puerto Plata R.D.<\/strong><\/h2><p>Hemos convocado y realizado una asamblea p\u00fablica y abierta, con las gentes de Puerto Plata<strong>:<\/strong> <strong>DE JURE ASAMBLEA PUERTO PLATA, R.D<\/strong>, \u2019\u2018POR UNA CIUDAD RESTAURADA\u201d con el objetivo de mantener la soberan\u00eda de individuos habitantes en \u00a0\u00a0la provincia de Puerto Plata, Rep\u00fablica Dominicana, la cual fue creada el d\u00eda 4 de junio 1867, como Distrito Mar\u00edtimo, aunque ya la constituci\u00f3n de 1865 elev\u00f3 a Puerto Plata a Distrito Mar\u00edtimo. La constituci\u00f3n de 1907 -efectiva en 1908- la convierte en provincia. Su nombre es el de la capital provincial.<\/p><h3><strong>HISTORIA DE LA PROVINCIA DE PUERTO PLATA<\/strong><\/h3><p>Puerto Plata fue fundada en el a\u00f1o 1493 por Crist\u00f3bal Col\u00f3n que la denomin\u00f3 Monte Plata. En 1502 el gobernador Nicol\u00e1s de Ovando impuls\u00f3 su desarrollo y seis a\u00f1os m\u00e1s tarde la corona espa\u00f1ola le otorg\u00f3 el t\u00edtulo de villa y le asign\u00f3 un escudo de armas. Adquiri\u00f3 un desarrollo mercantil vertiginoso, pero los descubrimientos de otras comarcas m\u00e1s ricas y las expediciones a tierra firme dieron inicio a la decadencia.<\/p><p>Enterada la corona espa\u00f1ola del comercio fraudulento que se efectuaba en los puertos de Monte Cristi y Puerto Plata, orden\u00f3 su cierre; pero la medida no detuvo esas acciones y en 1605 la corte dispuso la destrucci\u00f3n de las ciudades porte\u00f1as Monte Cristi y Puerto Plata, hecho que se conoce como las\u00a0Devastaciones de Osorio; las poblaciones de las dos poblaciones fueron trasladadas a la parte centro oriental para fundar la poblaci\u00f3n de Monte Plata.<\/p><p>En 1847 era una com\u00fan de la provincia Santiago. En 1865, Puerto Plata fue elevado a la categor\u00eda de Distrito Mar\u00edtimo, una categor\u00eda administrativa especial similar a la de provincia. La constituci\u00f3n de 1907, elimin\u00f3 la categor\u00eda de Distrito Mar\u00edtimo y Puerto Plata pas\u00f3 a ser una provincia regular con el com\u00fan Puerto Plata, Blanco (actual Luper\u00f3n), Altamira y Bajabonico.<\/p><p>Mediante la Ley N.o 5220 sobre Divisi\u00f3n Territorial, promulgada el 21 de septiembre de 1959, mantuvo su estatus de provincia, constituida con los territorios de los municipios Puerto Plata, Altamira, Imbert, Luper\u00f3n, el distrito municipal Sos\u00faa y la ciudad San Felipe de Puerto Plata como capital provincial.<\/p><p>Regi\u00f3n administrativa: Forma parte de la Regi\u00f3n I \u2013 Cibao Norte.\u00a0 Superficie: 1,805.6 kil\u00f3metros cuadrados.\u00a0Est\u00e1 en el 10.\u00ba lugar en cuanto a superficie con 3.8% del territorio nacional.<\/p><p>L\u00edmites: \u00a0Est\u00e1 limitada al norte y al oeste por Oc\u00e9ano Atl\u00e1ntico, al este por la provincia\u00a0Espaillat, al sur por las provincias\u00a0Santiago,\u00a0Valverde\u00a0y\u00a0Monte Cristi.<\/p><p>Est\u00e1 conformada por 9\u00a0municipios, 12 distritos municipales, 70 secciones, 556 parajes, 91 barrios y 173 sub-barrios. Seg\u00fan el IX Censo Nacional de Poblaci\u00f3n y Vivienda 2010, la provincia\u00a0Puerto Plata\u00a0contaba ese a\u00f1o con una poblaci\u00f3n de 321,597 habitantes.<\/p><p>Los municipios de la Provincia de Puerto Plata<\/p><p>Municipio de Puerto Plata<\/p><p>Con los Distritos municipales Y\u00e1sica Arriba y Maim\u00f3n<\/p><p>Municipio de Altamira<\/p><p>Distrito municipal de Rio Grande<\/p><p>Municipio de Guananico<\/p><p>Municipio de Imbert<\/p><p>Municipio de Los Hidalgos<\/p><p>Distrito municipal de Navas<\/p><p>Municipio de Luper\u00f3n<\/p><p>Distritos municipales de La Isabela, Belloso, El Estrecho de Luper\u00f3n Omar Bros<\/p><p>Municipio de Sos\u00faa<\/p><p>Distritos Municipales de Cabarete y Sabaneta de Y\u00e1sica<\/p><p>Municipio de Vila Isabela<\/p><p>Distritos municipales Estero Hondo, La Jaiba y Gualete.<\/p><p>\u00a0<\/p><p>GEOGRAF\u00cdA<\/p><p>Monta\u00f1as: La\u00a0Cordillera Septentrional\u00a0ocupa la parte sur de la provincia. Tambi\u00e9n hay otras monta\u00f1as que parten de dicha cordillera, tales como la Sierra Atravesada y la Loma Isabel de Torres.<\/p><p>Hidrolog\u00eda: Los r\u00edos de esta provincia son de corto recorrido y los m\u00e1s importantes son Bajabonico, Y\u00e1sica y Cam\u00fa del Norte.<\/p><p>La mayor cuenca en la provincia es la del r\u00edo Bajabonico, con una superficie de 728.15 km\u00b2. Otras cuencas fluviales importantes son las de los r\u00edos Cam\u00fa del Norte, con 420.23 km\u00b2; y Y\u00e1sica, con 301.37 km\u00b2.<\/p><p>Zonas de Vida\u00a0y\u00a0Cobertura Forestal: Las principales\u00a0zonas de vida\u00a0en la provincia son:<\/p><p>Bosque seco Subtropical (bs-S), con una superficie de 66.89 localizado en el extremo noroccidental.<\/p><p>Bosque h\u00famedo Subtropical (bh-S), con una superficie de 1,265.99 km\u00b2; el m\u00e1s extenso y que se encuentra principalmente en zonas bajas.<\/p><p>Bosque muy h\u00famedo Subtropical (bmh-S), con una superficie de 460.83 km\u00b2 y que se encuentra principalmente en las partes altas de la Cordillera Septentrional.<\/p><p>Bosque muy h\u00famedo Montano Bajo (bmh-MB), con una superficie de 10.49 km\u00b2 y que se encuentra principalmente en partes m\u00e1s altas de la Cordillera Septentrional.<\/p><p>Turismo<\/p><p>En la actualidad puerto plata es una de las ciudades con mayor flujo de turistas del pa\u00eds, recibiendo gran cantidad de turistas nacionales e internacionales adem\u00e1s de cruceristas debido a que puerto plata es la ciudad con mayor n\u00famero de atractivos del pa\u00eds, con el casco colonial m\u00e1s importante del pa\u00eds, el \u00fanico telef\u00e9rico tur\u00edstico del Caribe, las 27 cascadas de damajagua, grandes cantidades de deportes acu\u00e1ticos y monta\u00f1osos a la actividad en la ciudad ha dependido de su ubicaci\u00f3n entre el mar y las monta\u00f1as. Se puede apreciar un verdor perenne y un clima de \u00abeterna primavera\u00bb, destac\u00e1ndose la belleza y majestuosa esbeltez de las palmas reales. Se le considera como una ciudad pintoresca, rom\u00e1ntica, cultural, tur\u00edstica e hist\u00f3rica.<\/p><p>Es una ciudad de calles estrechas y paisaje marino; dotada de buenas v\u00edas de comunicaci\u00f3n, hoteles de primera, tanto en el centro de la ciudad como en sus distintos complejos hoteleros. Cuenta con el\u00a0Aeropuerto Internacional \u00abGeneral Gregorio Luper\u00f3n\u00bb\u00a0el cual es el cuarto aeropuerto con m\u00e1s tr\u00e1fico del pa\u00eds, un telef\u00e9rico y 2 puertos tur\u00edsticos los cuales son de mayor tr\u00e1fico de cruceros actualmente del pa\u00eds. Posee centros comerciales, culturales y deportivos, discotecas, helader\u00edas, restaurantes, \u00e1reas de recreaci\u00f3n, supermercados, cines, iglesias, bancos, industrias, zona franca, barrios residenciales y oficinas tanto p\u00fablicas como privadas.<\/p>\t\t\t\t\t\t\t\t<\/div>\n\t\t\t\t<\/div>\n\t\t\t\t\t<\/div>\n\t\t<\/div>\n\t\t\t\t\t<\/div>\n\t\t<\/section>\n\t\t\t\t<\/div>\n\t\t","protected":false},"excerpt":{"rendered":"<p>Aviso P\u00fablico Aviso Oficial de Existencia De Jure Asamblea Puerto Plata R.D. Hemos convocado y realizado una asamblea p\u00fablica y abierta, con las gentes de &hellip;<\/p>\n","protected":false},"author":1,"featured_media":0,"parent":0,"menu_order":0,"comment_status":"closed","ping_status":"closed","template":"","meta":{"footnotes":""},"class_list":["post-100","page","type-page","status-publish","hentry"],"yoast_head":"<!-- This site is optimized with the Yoast SEO plugin v27.4 - https:\/\/yoast.com\/product\/yoast-seo-wordpress\/ -->\n<title>Aviso P\u00fablico - DE JURE ASAMBLEA PUERTO PLATA R.D.<\/title>\n<meta name=\"robots\" content=\"index, follow, max-snippet:-1, max-image-preview:large, max-video-preview:-1\" \/>\n<link rel=\"canonical\" href=\"https:\/\/dejureasambleaptoptard.com\/?page_id=100\" \/>\n<meta property=\"og:locale\" content=\"es_ES\" \/>\n<meta property=\"og:type\" content=\"article\" \/>\n<meta property=\"og:title\" content=\"Aviso P\u00fablico - DE JURE ASAMBLEA PUERTO PLATA R.D.\" \/>\n<meta property=\"og:description\" content=\"Aviso P\u00fablico Aviso Oficial de Existencia De Jure Asamblea Puerto Plata R.D. Hemos convocado y realizado una asamblea p\u00fablica y abierta, con las gentes de &hellip;\" \/>\n<meta property=\"og:url\" content=\"https:\/\/dejureasambleaptoptard.com\/?page_id=100\" \/>\n<meta property=\"og:site_name\" content=\"DE JURE ASAMBLEA PUERTO PLATA R.D.\" \/>\n<meta property=\"article:modified_time\" content=\"2022-02-13T20:43:02+00:00\" \/>\n<meta name=\"twitter:card\" content=\"summary_large_image\" \/>\n<meta name=\"twitter:label1\" content=\"Tiempo de lectura\" \/>\n\t<meta name=\"twitter:data1\" content=\"5 minutos\" \/>\n<script type=\"application\/ld+json\" class=\"yoast-schema-graph\">{\"@context\":\"https:\\\/\\\/schema.org\",\"@graph\":[{\"@type\":\"WebPage\",\"@id\":\"https:\\\/\\\/dejureasambleaptoptard.com\\\/?page_id=100\",\"url\":\"https:\\\/\\\/dejureasambleaptoptard.com\\\/?page_id=100\",\"name\":\"Aviso P\u00fablico - DE JURE ASAMBLEA PUERTO PLATA R.D.\",\"isPartOf\":{\"@id\":\"https:\\\/\\\/dejureasambleaptoptard.com\\\/#website\"},\"datePublished\":\"2022-02-12T22:41:41+00:00\",\"dateModified\":\"2022-02-13T20:43:02+00:00\",\"breadcrumb\":{\"@id\":\"https:\\\/\\\/dejureasambleaptoptard.com\\\/?page_id=100#breadcrumb\"},\"inLanguage\":\"es\",\"potentialAction\":[{\"@type\":\"ReadAction\",\"target\":[\"https:\\\/\\\/dejureasambleaptoptard.com\\\/?page_id=100\"]}]},{\"@type\":\"BreadcrumbList\",\"@id\":\"https:\\\/\\\/dejureasambleaptoptard.com\\\/?page_id=100#breadcrumb\",\"itemListElement\":[{\"@type\":\"ListItem\",\"position\":1,\"name\":\"Portada\",\"item\":\"https:\\\/\\\/dejureasambleaptoptard.com\\\/\"},{\"@type\":\"ListItem\",\"position\":2,\"name\":\"Aviso P\u00fablico\"}]},{\"@type\":\"WebSite\",\"@id\":\"https:\\\/\\\/dejureasambleaptoptard.com\\\/#website\",\"url\":\"https:\\\/\\\/dejureasambleaptoptard.com\\\/\",\"name\":\"DE JURE ASAMBLEA PUERTO PLATA R.D.\",\"description\":\"POR UNA CIUDAD RESTAURADA\",\"publisher\":{\"@id\":\"https:\\\/\\\/dejureasambleaptoptard.com\\\/#organization\"},\"potentialAction\":[{\"@type\":\"SearchAction\",\"target\":{\"@type\":\"EntryPoint\",\"urlTemplate\":\"https:\\\/\\\/dejureasambleaptoptard.com\\\/?s={search_term_string}\"},\"query-input\":{\"@type\":\"PropertyValueSpecification\",\"valueRequired\":true,\"valueName\":\"search_term_string\"}}],\"inLanguage\":\"es\"},{\"@type\":\"Organization\",\"@id\":\"https:\\\/\\\/dejureasambleaptoptard.com\\\/#organization\",\"name\":\"DE JURE ASAMBLEA PUERTO PLATA R.D.\",\"url\":\"https:\\\/\\\/dejureasambleaptoptard.com\\\/\",\"logo\":{\"@type\":\"ImageObject\",\"inLanguage\":\"es\",\"@id\":\"https:\\\/\\\/dejureasambleaptoptard.com\\\/#\\\/schema\\\/logo\\\/image\\\/\",\"url\":\"https:\\\/\\\/dejureasambleaptoptard.com\\\/wp-content\\\/uploads\\\/2022\\\/02\\\/logo-MARIO-BONILLA-1.jpg\",\"contentUrl\":\"https:\\\/\\\/dejureasambleaptoptard.com\\\/wp-content\\\/uploads\\\/2022\\\/02\\\/logo-MARIO-BONILLA-1.jpg\",\"width\":1500,\"height\":1500,\"caption\":\"DE JURE ASAMBLEA PUERTO PLATA R.D.\"},\"image\":{\"@id\":\"https:\\\/\\\/dejureasambleaptoptard.com\\\/#\\\/schema\\\/logo\\\/image\\\/\"}}]}<\/script>\n<!-- \/ Yoast SEO plugin. -->","yoast_head_json":{"title":"Aviso P\u00fablico - DE JURE ASAMBLEA PUERTO PLATA R.D.","robots":{"index":"index","follow":"follow","max-snippet":"max-snippet:-1","max-image-preview":"max-image-preview:large","max-video-preview":"max-video-preview:-1"},"canonical":"https:\/\/dejureasambleaptoptard.com\/?page_id=100","og_locale":"es_ES","og_type":"article","og_title":"Aviso P\u00fablico - DE JURE ASAMBLEA PUERTO PLATA R.D.","og_description":"Aviso P\u00fablico Aviso Oficial de Existencia De Jure Asamblea Puerto Plata R.D. Hemos convocado y realizado una asamblea p\u00fablica y abierta, con las gentes de &hellip;","og_url":"https:\/\/dejureasambleaptoptard.com\/?page_id=100","og_site_name":"DE JURE ASAMBLEA PUERTO PLATA R.D.","article_modified_time":"2022-02-13T20:43:02+00:00","twitter_card":"summary_large_image","twitter_misc":{"Tiempo de lectura":"5 minutos"},"schema":{"@context":"https:\/\/schema.org","@graph":[{"@type":"WebPage","@id":"https:\/\/dejureasambleaptoptard.com\/?page_id=100","url":"https:\/\/dejureasambleaptoptard.com\/?page_id=100","name":"Aviso P\u00fablico - DE JURE ASAMBLEA PUERTO PLATA R.D.","isPartOf":{"@id":"https:\/\/dejureasambleaptoptard.com\/#website"},"datePublished":"2022-02-12T22:41:41+00:00","dateModified":"2022-02-13T20:43:02+00:00","breadcrumb":{"@id":"https:\/\/dejureasambleaptoptard.com\/?page_id=100#breadcrumb"},"inLanguage":"es","potentialAction":[{"@type":"ReadAction","target":["https:\/\/dejureasambleaptoptard.com\/?page_id=100"]}]},{"@type":"BreadcrumbList","@id":"https:\/\/dejureasambleaptoptard.com\/?page_id=100#breadcrumb","itemListElement":[{"@type":"ListItem","position":1,"name":"Portada","item":"https:\/\/dejureasambleaptoptard.com\/"},{"@type":"ListItem","position":2,"name":"Aviso P\u00fablico"}]},{"@type":"WebSite","@id":"https:\/\/dejureasambleaptoptard.com\/#website","url":"https:\/\/dejureasambleaptoptard.com\/","name":"DE JURE ASAMBLEA PUERTO PLATA R.D.","description":"POR UNA CIUDAD RESTAURADA","publisher":{"@id":"https:\/\/dejureasambleaptoptard.com\/#organization"},"potentialAction":[{"@type":"SearchAction","target":{"@type":"EntryPoint","urlTemplate":"https:\/\/dejureasambleaptoptard.com\/?s={search_term_string}"},"query-input":{"@type":"PropertyValueSpecification","valueRequired":true,"valueName":"search_term_string"}}],"inLanguage":"es"},{"@type":"Organization","@id":"https:\/\/dejureasambleaptoptard.com\/#organization","name":"DE JURE ASAMBLEA PUERTO PLATA R.D.","url":"https:\/\/dejureasambleaptoptard.com\/","logo":{"@type":"ImageObject","inLanguage":"es","@id":"https:\/\/dejureasambleaptoptard.com\/#\/schema\/logo\/image\/","url":"https:\/\/dejureasambleaptoptard.com\/wp-content\/uploads\/2022\/02\/logo-MARIO-BONILLA-1.jpg","contentUrl":"https:\/\/dejureasambleaptoptard.com\/wp-content\/uploads\/2022\/02\/logo-MARIO-BONILLA-1.jpg","width":1500,"height":1500,"caption":"DE JURE ASAMBLEA PUERTO PLATA R.D."},"image":{"@id":"https:\/\/dejureasambleaptoptard.com\/#\/schema\/logo\/image\/"}}]}},"_links":{"self":[{"href":"https:\/\/dejureasambleaptoptard.com\/index.php?rest_route=\/wp\/v2\/pages\/100","targetHints":{"allow":["GET"]}}],"collection":[{"href":"https:\/\/dejureasambleaptoptard.com\/index.php?rest_route=\/wp\/v2\/pages"}],"about":[{"href":"https:\/\/dejureasambleaptoptard.com\/index.php?rest_route=\/wp\/v2\/types\/page"}],"author":[{"embeddable":true,"href":"https:\/\/dejureasambleaptoptard.com\/index.php?rest_route=\/wp\/v2\/users\/1"}],"replies":[{"embeddable":true,"href":"https:\/\/dejureasambleaptoptard.com\/index.php?rest_route=%2Fwp%2Fv2%2Fcomments&post=100"}],"version-history":[{"count":6,"href":"https:\/\/dejureasambleaptoptard.com\/index.php?rest_route=\/wp\/v2\/pages\/100\/revisions"}],"predecessor-version":[{"id":110,"href":"https:\/\/dejureasambleaptoptard.com\/index.php?rest_route=\/wp\/v2\/pages\/100\/revisions\/110"}],"wp:attachment":[{"href":"https:\/\/dejureasambleaptoptard.com\/index.php?rest_route=%2Fwp%2Fv2%2Fmedia&parent=100"}],"curies":[{"name":"wp","href":"https:\/\/api.w.org\/{rel}","templated":true}]}}