{"id":150,"date":"2022-02-15T17:00:38","date_gmt":"2022-02-15T21:30:38","guid":{"rendered":"https:\/\/dejureasambleaptoptard.com\/?page_id=150"},"modified":"2022-02-25T17:38:29","modified_gmt":"2022-02-25T22:08:29","slug":"plan-de-restauracion","status":"publish","type":"page","link":"https:\/\/dejureasambleaptoptard.com\/?page_id=150","title":{"rendered":"Plan de Restauraci\u00f3n"},"content":{"rendered":"\t\t<div data-elementor-type=\"wp-page\" data-elementor-id=\"150\" class=\"elementor elementor-150\">\n\t\t\t\t\t\t<section class=\"elementor-section elementor-top-section elementor-element elementor-element-1f5ae37 elementor-section-boxed elementor-section-height-default elementor-section-height-default\" data-id=\"1f5ae37\" data-element_type=\"section\" data-e-type=\"section\">\n\t\t\t\t\t\t<div class=\"elementor-container elementor-column-gap-default\">\n\t\t\t\t\t<div class=\"elementor-column elementor-col-100 elementor-top-column elementor-element elementor-element-9836354\" data-id=\"9836354\" data-element_type=\"column\" data-e-type=\"column\">\n\t\t\t<div class=\"elementor-widget-wrap elementor-element-populated\">\n\t\t\t\t\t\t<div class=\"elementor-element elementor-element-b65ce49 elementor-widget elementor-widget-image\" data-id=\"b65ce49\" data-element_type=\"widget\" data-e-type=\"widget\" data-widget_type=\"image.default\">\n\t\t\t\t<div class=\"elementor-widget-container\">\n\t\t\t\t\t\t\t\t\t\t\t\t\t\t\t<img decoding=\"async\" width=\"300\" height=\"140\" src=\"https:\/\/dejureasambleaptoptard.com\/wp-content\/uploads\/2022\/02\/Equipo-de-restauracion-1-300x140.jpg\" class=\"attachment-medium size-medium wp-image-134\" alt=\"\" srcset=\"https:\/\/dejureasambleaptoptard.com\/wp-content\/uploads\/2022\/02\/Equipo-de-restauracion-1-300x140.jpg 300w, https:\/\/dejureasambleaptoptard.com\/wp-content\/uploads\/2022\/02\/Equipo-de-restauracion-1.jpg 328w\" sizes=\"(max-width: 300px) 100vw, 300px\" \/>\t\t\t\t\t\t\t\t\t\t\t\t\t\t\t<\/div>\n\t\t\t\t<\/div>\n\t\t\t\t\t<\/div>\n\t\t<\/div>\n\t\t\t\t\t<\/div>\n\t\t<\/section>\n\t\t\t\t<section class=\"elementor-section elementor-top-section elementor-element elementor-element-0a886a2 elementor-section-boxed elementor-section-height-default elementor-section-height-default\" data-id=\"0a886a2\" data-element_type=\"section\" data-e-type=\"section\">\n\t\t\t\t\t\t<div class=\"elementor-container elementor-column-gap-default\">\n\t\t\t\t\t<div class=\"elementor-column elementor-col-100 elementor-top-column elementor-element elementor-element-77f5e70\" data-id=\"77f5e70\" data-element_type=\"column\" data-e-type=\"column\">\n\t\t\t<div class=\"elementor-widget-wrap elementor-element-populated\">\n\t\t\t\t\t\t<div class=\"elementor-element elementor-element-e1a538c elementor-widget elementor-widget-heading\" data-id=\"e1a538c\" data-element_type=\"widget\" data-e-type=\"widget\" data-widget_type=\"heading.default\">\n\t\t\t\t<div class=\"elementor-widget-container\">\n\t\t\t\t\t<h2 class=\"elementor-heading-title elementor-size-default\">Plan de Restauraci\u00f3n<\/h2>\t\t\t\t<\/div>\n\t\t\t\t<\/div>\n\t\t\t\t<div class=\"elementor-element elementor-element-0d3c46e elementor-widget elementor-widget-text-editor\" data-id=\"0d3c46e\" data-element_type=\"widget\" data-e-type=\"widget\" data-widget_type=\"text-editor.default\">\n\t\t\t\t<div class=\"elementor-widget-container\">\n\t\t\t\t\t\t\t\t\t<p><strong>De Jure Asamblea Puerto Plata, R.D<\/strong><\/p><p><strong>Plan de Restauraci\u00f3n<\/strong><\/p><p><strong>\u00a0<\/strong>El Plan de Restauraci\u00f3n es un trabajo donde todos los comit\u00e9s e incluso los individuos, y organizaciones comunitarias presentan propuestas de Proyectos relacionados con las necesidades existentes con el fin de que les sean restauradas.<\/p><p><strong>Debemos entender:<\/strong><\/p><p>D\u00f3nde es que nuestra comunidad se encuentra?<\/p><p>Qu\u00e9 es lo que nuestra comunidad necesita?<\/p><p>C\u00f3mo mejorar la calidad de vida de las comunidades?<\/p><p>Cu\u00e1ndo nos convertimos en mejor versi\u00f3n de nosotros?<\/p><p>Queremos transformar nuestra experiencia en el planeta tierra para alcanzar una dignidad humana, trabajemos en colaboraci\u00f3n y con un esp\u00edritu de justicia. Las propuestas de proyectos se presentaran a la direcci\u00f3n global a trav\u00e9s del Consejo. Los comit\u00e9s dentro de la Asamblea tienen la tarea de evaluar, investigar, redactar y supervisar Proyectos.<br \/>Si se aprueba, la Asamblea enviar\u00e1 el Proyecto a la Direcci\u00f3n Global. Si la Direcci\u00f3n Global aprueba la financiaci\u00f3n de su Proyecto, los fondos se transferir\u00e1n a la Asamblea, quien los transferir\u00e1 a los Propietarios de los Proyectos.<\/p>\t\t\t\t\t\t\t\t<\/div>\n\t\t\t\t<\/div>\n\t\t\t\t<div class=\"elementor-element elementor-element-ee02df2 elementor-widget elementor-widget-image\" data-id=\"ee02df2\" data-element_type=\"widget\" data-e-type=\"widget\" data-widget_type=\"image.default\">\n\t\t\t\t<div class=\"elementor-widget-container\">\n\t\t\t\t\t\t\t\t\t\t\t\t\t\t\t<img decoding=\"async\" width=\"300\" height=\"145\" src=\"https:\/\/dejureasambleaptoptard.com\/wp-content\/uploads\/2022\/02\/Trabajos-publicos-300x145.jpg\" class=\"attachment-medium size-medium wp-image-92\" alt=\"\" srcset=\"https:\/\/dejureasambleaptoptard.com\/wp-content\/uploads\/2022\/02\/Trabajos-publicos-300x145.jpg 300w, https:\/\/dejureasambleaptoptard.com\/wp-content\/uploads\/2022\/02\/Trabajos-publicos.jpg 322w\" sizes=\"(max-width: 300px) 100vw, 300px\" \/>\t\t\t\t\t\t\t\t\t\t\t\t\t\t\t<\/div>\n\t\t\t\t<\/div>\n\t\t\t\t\t<\/div>\n\t\t<\/div>\n\t\t\t\t\t<\/div>\n\t\t<\/section>\n\t\t\t\t<\/div>\n\t\t","protected":false},"excerpt":{"rendered":"<p>Plan de Restauraci\u00f3n De Jure Asamblea Puerto Plata, R.D Plan de Restauraci\u00f3n \u00a0El Plan de Restauraci\u00f3n es un trabajo donde todos los comit\u00e9s e incluso &hellip;<\/p>\n","protected":false},"author":1,"featured_media":0,"parent":0,"menu_order":0,"comment_status":"closed","ping_status":"closed","template":"","meta":{"footnotes":""},"class_list":["post-150","page","type-page","status-publish","hentry"],"yoast_head":"<!-- This site is optimized with the Yoast SEO plugin v27.4 - https:\/\/yoast.com\/product\/yoast-seo-wordpress\/ -->\n<title>Plan de Restauraci\u00f3n - DE JURE ASAMBLEA PUERTO PLATA R.D.<\/title>\n<meta name=\"robots\" content=\"index, follow, max-snippet:-1, max-image-preview:large, max-video-preview:-1\" \/>\n<link rel=\"canonical\" href=\"https:\/\/dejureasambleaptoptard.com\/?page_id=150\" \/>\n<meta property=\"og:locale\" content=\"es_ES\" \/>\n<meta property=\"og:type\" content=\"article\" \/>\n<meta property=\"og:title\" content=\"Plan de Restauraci\u00f3n - DE JURE ASAMBLEA PUERTO PLATA R.D.\" \/>\n<meta property=\"og:description\" content=\"Plan de Restauraci\u00f3n De Jure Asamblea Puerto Plata, R.D Plan de Restauraci\u00f3n \u00a0El Plan de Restauraci\u00f3n es un trabajo donde todos los comit\u00e9s e incluso &hellip;\" \/>\n<meta property=\"og:url\" content=\"https:\/\/dejureasambleaptoptard.com\/?page_id=150\" \/>\n<meta property=\"og:site_name\" content=\"DE JURE ASAMBLEA PUERTO PLATA R.D.\" \/>\n<meta property=\"article:modified_time\" content=\"2022-02-25T22:08:29+00:00\" \/>\n<meta property=\"og:image\" content=\"https:\/\/dejureasambleaptoptard.com\/wp-content\/uploads\/2022\/02\/Equipo-de-restauracion-1-300x140.jpg\" \/>\n<meta name=\"twitter:card\" content=\"summary_large_image\" \/>\n<meta name=\"twitter:label1\" content=\"Tiempo de lectura\" \/>\n\t<meta name=\"twitter:data1\" content=\"2 minutos\" \/>\n<script type=\"application\/ld+json\" class=\"yoast-schema-graph\">{\"@context\":\"https:\\\/\\\/schema.org\",\"@graph\":[{\"@type\":\"WebPage\",\"@id\":\"https:\\\/\\\/dejureasambleaptoptard.com\\\/?page_id=150\",\"url\":\"https:\\\/\\\/dejureasambleaptoptard.com\\\/?page_id=150\",\"name\":\"Plan de Restauraci\u00f3n - DE JURE ASAMBLEA PUERTO PLATA R.D.\",\"isPartOf\":{\"@id\":\"https:\\\/\\\/dejureasambleaptoptard.com\\\/#website\"},\"primaryImageOfPage\":{\"@id\":\"https:\\\/\\\/dejureasambleaptoptard.com\\\/?page_id=150#primaryimage\"},\"image\":{\"@id\":\"https:\\\/\\\/dejureasambleaptoptard.com\\\/?page_id=150#primaryimage\"},\"thumbnailUrl\":\"https:\\\/\\\/dejureasambleaptoptard.com\\\/wp-content\\\/uploads\\\/2022\\\/02\\\/Equipo-de-restauracion-1-300x140.jpg\",\"datePublished\":\"2022-02-15T21:30:38+00:00\",\"dateModified\":\"2022-02-25T22:08:29+00:00\",\"breadcrumb\":{\"@id\":\"https:\\\/\\\/dejureasambleaptoptard.com\\\/?page_id=150#breadcrumb\"},\"inLanguage\":\"es\",\"potentialAction\":[{\"@type\":\"ReadAction\",\"target\":[\"https:\\\/\\\/dejureasambleaptoptard.com\\\/?page_id=150\"]}]},{\"@type\":\"ImageObject\",\"inLanguage\":\"es\",\"@id\":\"https:\\\/\\\/dejureasambleaptoptard.com\\\/?page_id=150#primaryimage\",\"url\":\"https:\\\/\\\/dejureasambleaptoptard.com\\\/wp-content\\\/uploads\\\/2022\\\/02\\\/Equipo-de-restauracion-1.jpg\",\"contentUrl\":\"https:\\\/\\\/dejureasambleaptoptard.com\\\/wp-content\\\/uploads\\\/2022\\\/02\\\/Equipo-de-restauracion-1.jpg\",\"width\":328,\"height\":153},{\"@type\":\"BreadcrumbList\",\"@id\":\"https:\\\/\\\/dejureasambleaptoptard.com\\\/?page_id=150#breadcrumb\",\"itemListElement\":[{\"@type\":\"ListItem\",\"position\":1,\"name\":\"Portada\",\"item\":\"https:\\\/\\\/dejureasambleaptoptard.com\\\/\"},{\"@type\":\"ListItem\",\"position\":2,\"name\":\"Plan de Restauraci\u00f3n\"}]},{\"@type\":\"WebSite\",\"@id\":\"https:\\\/\\\/dejureasambleaptoptard.com\\\/#website\",\"url\":\"https:\\\/\\\/dejureasambleaptoptard.com\\\/\",\"name\":\"DE JURE ASAMBLEA PUERTO PLATA R.D.\",\"description\":\"POR UNA CIUDAD RESTAURADA\",\"publisher\":{\"@id\":\"https:\\\/\\\/dejureasambleaptoptard.com\\\/#organization\"},\"potentialAction\":[{\"@type\":\"SearchAction\",\"target\":{\"@type\":\"EntryPoint\",\"urlTemplate\":\"https:\\\/\\\/dejureasambleaptoptard.com\\\/?s={search_term_string}\"},\"query-input\":{\"@type\":\"PropertyValueSpecification\",\"valueRequired\":true,\"valueName\":\"search_term_string\"}}],\"inLanguage\":\"es\"},{\"@type\":\"Organization\",\"@id\":\"https:\\\/\\\/dejureasambleaptoptard.com\\\/#organization\",\"name\":\"DE JURE ASAMBLEA PUERTO PLATA R.D.\",\"url\":\"https:\\\/\\\/dejureasambleaptoptard.com\\\/\",\"logo\":{\"@type\":\"ImageObject\",\"inLanguage\":\"es\",\"@id\":\"https:\\\/\\\/dejureasambleaptoptard.com\\\/#\\\/schema\\\/logo\\\/image\\\/\",\"url\":\"https:\\\/\\\/dejureasambleaptoptard.com\\\/wp-content\\\/uploads\\\/2022\\\/02\\\/logo-MARIO-BONILLA-1.jpg\",\"contentUrl\":\"https:\\\/\\\/dejureasambleaptoptard.com\\\/wp-content\\\/uploads\\\/2022\\\/02\\\/logo-MARIO-BONILLA-1.jpg\",\"width\":1500,\"height\":1500,\"caption\":\"DE JURE ASAMBLEA PUERTO PLATA R.D.\"},\"image\":{\"@id\":\"https:\\\/\\\/dejureasambleaptoptard.com\\\/#\\\/schema\\\/logo\\\/image\\\/\"}}]}<\/script>\n<!-- \/ Yoast SEO plugin. -->","yoast_head_json":{"title":"Plan de Restauraci\u00f3n - DE JURE ASAMBLEA PUERTO PLATA R.D.","robots":{"index":"index","follow":"follow","max-snippet":"max-snippet:-1","max-image-preview":"max-image-preview:large","max-video-preview":"max-video-preview:-1"},"canonical":"https:\/\/dejureasambleaptoptard.com\/?page_id=150","og_locale":"es_ES","og_type":"article","og_title":"Plan de Restauraci\u00f3n - DE JURE ASAMBLEA PUERTO PLATA R.D.","og_description":"Plan de Restauraci\u00f3n De Jure Asamblea Puerto Plata, R.D Plan de Restauraci\u00f3n \u00a0El Plan de Restauraci\u00f3n es un trabajo donde todos los comit\u00e9s e incluso &hellip;","og_url":"https:\/\/dejureasambleaptoptard.com\/?page_id=150","og_site_name":"DE JURE ASAMBLEA PUERTO PLATA R.D.","article_modified_time":"2022-02-25T22:08:29+00:00","og_image":[{"url":"https:\/\/dejureasambleaptoptard.com\/wp-content\/uploads\/2022\/02\/Equipo-de-restauracion-1-300x140.jpg","type":"","width":"","height":""}],"twitter_card":"summary_large_image","twitter_misc":{"Tiempo de lectura":"2 minutos"},"schema":{"@context":"https:\/\/schema.org","@graph":[{"@type":"WebPage","@id":"https:\/\/dejureasambleaptoptard.com\/?page_id=150","url":"https:\/\/dejureasambleaptoptard.com\/?page_id=150","name":"Plan de Restauraci\u00f3n - DE JURE ASAMBLEA PUERTO PLATA R.D.","isPartOf":{"@id":"https:\/\/dejureasambleaptoptard.com\/#website"},"primaryImageOfPage":{"@id":"https:\/\/dejureasambleaptoptard.com\/?page_id=150#primaryimage"},"image":{"@id":"https:\/\/dejureasambleaptoptard.com\/?page_id=150#primaryimage"},"thumbnailUrl":"https:\/\/dejureasambleaptoptard.com\/wp-content\/uploads\/2022\/02\/Equipo-de-restauracion-1-300x140.jpg","datePublished":"2022-02-15T21:30:38+00:00","dateModified":"2022-02-25T22:08:29+00:00","breadcrumb":{"@id":"https:\/\/dejureasambleaptoptard.com\/?page_id=150#breadcrumb"},"inLanguage":"es","potentialAction":[{"@type":"ReadAction","target":["https:\/\/dejureasambleaptoptard.com\/?page_id=150"]}]},{"@type":"ImageObject","inLanguage":"es","@id":"https:\/\/dejureasambleaptoptard.com\/?page_id=150#primaryimage","url":"https:\/\/dejureasambleaptoptard.com\/wp-content\/uploads\/2022\/02\/Equipo-de-restauracion-1.jpg","contentUrl":"https:\/\/dejureasambleaptoptard.com\/wp-content\/uploads\/2022\/02\/Equipo-de-restauracion-1.jpg","width":328,"height":153},{"@type":"BreadcrumbList","@id":"https:\/\/dejureasambleaptoptard.com\/?page_id=150#breadcrumb","itemListElement":[{"@type":"ListItem","position":1,"name":"Portada","item":"https:\/\/dejureasambleaptoptard.com\/"},{"@type":"ListItem","position":2,"name":"Plan de Restauraci\u00f3n"}]},{"@type":"WebSite","@id":"https:\/\/dejureasambleaptoptard.com\/#website","url":"https:\/\/dejureasambleaptoptard.com\/","name":"DE JURE ASAMBLEA PUERTO PLATA R.D.","description":"POR UNA CIUDAD RESTAURADA","publisher":{"@id":"https:\/\/dejureasambleaptoptard.com\/#organization"},"potentialAction":[{"@type":"SearchAction","target":{"@type":"EntryPoint","urlTemplate":"https:\/\/dejureasambleaptoptard.com\/?s={search_term_string}"},"query-input":{"@type":"PropertyValueSpecification","valueRequired":true,"valueName":"search_term_string"}}],"inLanguage":"es"},{"@type":"Organization","@id":"https:\/\/dejureasambleaptoptard.com\/#organization","name":"DE JURE ASAMBLEA PUERTO PLATA R.D.","url":"https:\/\/dejureasambleaptoptard.com\/","logo":{"@type":"ImageObject","inLanguage":"es","@id":"https:\/\/dejureasambleaptoptard.com\/#\/schema\/logo\/image\/","url":"https:\/\/dejureasambleaptoptard.com\/wp-content\/uploads\/2022\/02\/logo-MARIO-BONILLA-1.jpg","contentUrl":"https:\/\/dejureasambleaptoptard.com\/wp-content\/uploads\/2022\/02\/logo-MARIO-BONILLA-1.jpg","width":1500,"height":1500,"caption":"DE JURE ASAMBLEA PUERTO PLATA R.D."},"image":{"@id":"https:\/\/dejureasambleaptoptard.com\/#\/schema\/logo\/image\/"}}]}},"_links":{"self":[{"href":"https:\/\/dejureasambleaptoptard.com\/index.php?rest_route=\/wp\/v2\/pages\/150","targetHints":{"allow":["GET"]}}],"collection":[{"href":"https:\/\/dejureasambleaptoptard.com\/index.php?rest_route=\/wp\/v2\/pages"}],"about":[{"href":"https:\/\/dejureasambleaptoptard.com\/index.php?rest_route=\/wp\/v2\/types\/page"}],"author":[{"embeddable":true,"href":"https:\/\/dejureasambleaptoptard.com\/index.php?rest_route=\/wp\/v2\/users\/1"}],"replies":[{"embeddable":true,"href":"https:\/\/dejureasambleaptoptard.com\/index.php?rest_route=%2Fwp%2Fv2%2Fcomments&post=150"}],"version-history":[{"count":25,"href":"https:\/\/dejureasambleaptoptard.com\/index.php?rest_route=\/wp\/v2\/pages\/150\/revisions"}],"predecessor-version":[{"id":371,"href":"https:\/\/dejureasambleaptoptard.com\/index.php?rest_route=\/wp\/v2\/pages\/150\/revisions\/371"}],"wp:attachment":[{"href":"https:\/\/dejureasambleaptoptard.com\/index.php?rest_route=%2Fwp%2Fv2%2Fmedia&parent=150"}],"curies":[{"name":"wp","href":"https:\/\/api.w.org\/{rel}","templated":true}]}}