{"id":165,"date":"2022-02-16T12:28:42","date_gmt":"2022-02-16T16:58:42","guid":{"rendered":"https:\/\/dejureasambleaptoptard.com\/?page_id=165"},"modified":"2022-02-25T18:08:15","modified_gmt":"2022-02-25T22:38:15","slug":"quejas","status":"publish","type":"page","link":"https:\/\/dejureasambleaptoptard.com\/?page_id=165","title":{"rendered":"Quejas"},"content":{"rendered":"\t\t<div data-elementor-type=\"wp-page\" data-elementor-id=\"165\" class=\"elementor elementor-165\">\n\t\t\t\t\t\t<section class=\"elementor-section elementor-top-section elementor-element elementor-element-d05f490 elementor-section-boxed elementor-section-height-default elementor-section-height-default\" data-id=\"d05f490\" data-element_type=\"section\" data-e-type=\"section\">\n\t\t\t\t\t\t<div class=\"elementor-container elementor-column-gap-default\">\n\t\t\t\t\t<div class=\"elementor-column elementor-col-100 elementor-top-column elementor-element elementor-element-07470b9\" data-id=\"07470b9\" data-element_type=\"column\" data-e-type=\"column\">\n\t\t\t<div class=\"elementor-widget-wrap elementor-element-populated\">\n\t\t\t\t\t\t<div class=\"elementor-element elementor-element-f2f7704 elementor-widget elementor-widget-heading\" data-id=\"f2f7704\" data-element_type=\"widget\" data-e-type=\"widget\" data-widget_type=\"heading.default\">\n\t\t\t\t<div class=\"elementor-widget-container\">\n\t\t\t\t\t<h2 class=\"elementor-heading-title elementor-size-default\">Quejas<\/h2>\t\t\t\t<\/div>\n\t\t\t\t<\/div>\n\t\t\t\t<div class=\"elementor-element elementor-element-6564e30 elementor-widget elementor-widget-text-editor\" data-id=\"6564e30\" data-element_type=\"widget\" data-e-type=\"widget\" data-widget_type=\"text-editor.default\">\n\t\t\t\t<div class=\"elementor-widget-container\">\n\t\t\t\t\t\t\t\t\t<p>Agravio<\/p><p>\u200e \u200e\u200e1\u200e<strong>\u200e:\u200e\u200e \u200e\u200e \u200e<\/strong>\u200euna causa de angustia (como una condici\u00f3n de trabajo insatisfactoria)\u200e<br \/>\u200ese sinti\u00f3 para pagar la raz\u00f3n de la queja o la resistencia\u200e\u200e\u00bbSu principal\u200e\u200e \u200e\u200e \u200e\u200equeja\u200e\u200e \u200e\u200e \u200e\u200efue el acoso sexual por parte de su jefe\u00bb.\u200e\u200e \u200e<\/p><p>\u200e \u200e\u200e2\u200e<strong>\u200e:\u200e\u200e \u200e\u200e \u200e<\/strong>\u200ela expresi\u00f3n\u200e\u200e \u200e\u200eformal de una queja \u200e<strong>\u200e:\u200e\u200e \u200e\u200e \u200e<\/strong>\u200e \u200e\u200eQUEJA\u200e<br \/>\u200e\u00bb&#8230; present\u00f3\u200e\u200e \u200e\u200euna \u200e\u200equeja\u200e\u200e \u200e\u200e \u200e\u200econtra su empleador&#8230;\u200e\u200e \u200e<\/p><p><strong>\u200eUna queja no es\u200e<\/strong><\/p><p>\u200e \u200e\u200e \u200e\u200e \u200e\u200e \u200e<strong>\u200e \u200e\u200e \u200e\u200eun hacha para \u200e\u200emoler:\u200e\u200e Un motivo privado o ego\u00edsta, una apuesta \u200e<br \/><\/strong>\u200e \u200e\u200e \u200e\u200e \u200e\u200e \u200e\u200e \u200e\u200epersonal; \u200e\u200e \u200e\u200e una \u200e\u200equeja \u200e\u200eo \u200e\u200equeja, \u200e\u200e \u200e\u200eespecialmente \u200e\u200euna\u200e\u200equeja. \u200e\u200e \u200e\u00a0<\/p><p><strong>\u200eun\u200e\u200e \u200e\u200e \u200e\u200e \u200e\u200e \u200e\u200ehueso\u200e\u200e \u200e\u200epara \u200e\u200erecoger:\u200e\u200e \u200e<\/strong>\u200e \u200e\u200e \u200e\u200euna \u200e\u200equeja \u200e\u200eo \u200e\u200equeja;\u200e\u200e un\u200e\u200e \u200e\u200e \u200e\u200epunto \u200e\u200ede \u200e\u200edesacuerdo \u200e\u200eo una \u200e\u200ediferencia \u200e\u200eque \u200e\u200eresolver.\u200e<\/p><p>\u200eCada Asamblea tendr\u00e1 desacuerdos. Cada Asamblea puede enfrentar conflictos de intereses. Cada Asamblea enfrentar\u00e1 luchas de poder. Cada Asamblea tendr\u00e1 quejas. Comprender las diferencias en la forma de manejar estos obst\u00e1culos contribuir\u00e1 en gran medida a mantener la paz en su Asamblea y les permitir\u00e1 ser verdaderamente productivos.\u200e<\/p><p><strong>\u200eLO QUE NECESITAS\u200e<\/strong><\/p><ul><li><strong>\u200eUna pol\u00edtica de quejas:\u200e<\/strong>\u200e la \u200e<a href=\"https:\/\/pgovsd.agency\/wp-content\/uploads\/2021\/09\/Grievance-Policy-08032021.pdf\">\u200epol\u00edtica de quejas de GIA\u200e<\/a>\u200e es el est\u00e1ndar del que derivar\u00e1 su p\u00f3liza.\u200e<\/li><li><strong>\u200eUn C\u00f3digo de Conducta\u200e<\/strong>\u200e \u2013 reglas b\u00e1sicas sobre c\u00f3mo tratarse unos a otros, comportarse en las reuniones, etc. \u2013 lo hacen breve.\u200e<\/li><li><strong>\u200eUn acuerdo de membres\u00eda:\u200e<\/strong>\u200e lo que espera de sus miembros\u200e<\/li><li><strong>\u200eSolicitud\u200e<\/strong>\u200e de membres\u00eda donde aceptan todo lo anterior y firman una Resoluci\u00f3n de Un Acuerdo.\u200e<\/li><li><strong>\u200eEstatutos de la Asamblea \u2013\u200e<\/strong>\u200e Las normas que rigen su Asamblea\u200e<\/li><\/ul><p><strong>\u200eNO ES UNA QUEJA\u200e<\/strong><\/p><ul><li>\u200eNo salirse con la suya no es una queja\u200e<\/li><li>\u200eNo obtener un puesto que desea no es una queja\u200e<\/li><li>\u200eNo gustarle la forma en que alguien piensa no es una queja\u200e<\/li><li>\u200eNo gustar a alguien personalmente no es una base para una queja\u200e<\/li><li>\u200eNo tener sus ideas utilizadas no es una base para una queja\u200e<\/li><li>\u200eFaltar a una reuni\u00f3n debido a necesidades personales no es una base para una queja\u200e<\/li><li>\u200em\u00e1s&#8230; (entiendes la idea).\u200e<\/li><\/ul><p><strong>\u200eES UNA BASE PARA UNA QUEJA\u200e<\/strong><\/p><ul><li>\u200eViolaci\u00f3n de la resoluci\u00f3n de un acuerdo\u200e<\/li><li>\u200eViolaci\u00f3n del Acuerdo de Membres\u00eda\u200e<\/li><li>\u200eViolaci\u00f3n de los Estatutos\u200e<\/li><li>\u200eViolar el C\u00f3digo de Conducta\u200e<\/li><li>\u200eFalta de divulgaci\u00f3n de un conflicto de intereses\u200e<\/li><li>\u200eComportamiento criminal de cualquier tipo\u200e<\/li><li>\u200eIncumplimiento de los procedimientos de quejas\u200e<\/li><li>\u200eSesgo demostrable\u200e<\/li><li>\u200eNo desempe\u00f1ar y ser responsable de sus responsabilidades oficiales en la Asamblea\u200e<\/li><li>\u200eCalumnia (con documentaci\u00f3n), Difamaci\u00f3n de car\u00e1cter, Comportamiento calumnioso (con documentaci\u00f3n.\u200e<\/li><li>\u200em\u00e1s&#8230;\u200e<\/li><\/ul><p><strong>\u200ePol\u00edtica de PGSD\u200e<\/strong><\/p><p>\u200eEsta pol\u00edtica se aplica a todas las Asambleas y Departamentos en el futuro a partir del 1 de octubre de 2021.\u200e<\/p><p>\u200eLas acciones penales no ser\u00e1n consideradas y deben ser remitidas directamente al GIA. El GIA debe ser notificado de cualquier queja relacionada con la acci\u00f3n criminal.\u200e<\/p><p>\u200eCualquier queja que se eleve por encima de la Asamblea donde se ha producido la queja se manejar\u00e1 de la siguiente manera:\u200e<\/p><p>\u200eSi la queja presentada no tiene m\u00e9rito, es decir. no es una queja procesable (ver arriba), o no tiene evidencia f\u00e1ctica irrefutable, que la Queja ser\u00e1 desestimada y \u200e<strong>\u200etodos los\u200e<\/strong>\u200e \u200e<strong>\u200eOficiales de la Asamblea que fueron parte de su elevaci\u00f3n deber\u00e1n renunciar a sus cargos de inmediato.\u200e<\/strong>\u200e Esto se aplica a todos los niveles, incluidos los comit\u00e9s, etc.\u200e<\/p><p>\u200eSi la queja tiene m\u00e9rito, se dar\u00e1n recomendaciones a ambas partes con la expectativa de que estas recomendaciones se sigan voluntariamente.\u200e<\/p><p>\u200eSi las partes involucradas eligen no encontrar una soluci\u00f3n basada en las recomendaciones dadas, el PGSD o el Tribunal de Dominio y \u00c9tica del GPRC emitir\u00e1n y har\u00e1n cumplir una decisi\u00f3n.\u200e<\/p><p>\u200eLas quejas persistentes que no tienen m\u00e9rito y que son presentadas por miembros que no ocupan cargos pueden resultar en la suspensi\u00f3n de la votaci\u00f3n de los miembros sobre asuntos de la Asamblea, o la participaci\u00f3n dentro de los comit\u00e9s de la Asamblea y los equipos de restauraci\u00f3n.\u200e<\/p><p>\u200eTodas las quejas con m\u00e9rito y evidencia f\u00e1ctica irrefutable se remitir\u00e1n al PGSD para su moderaci\u00f3n en un intento de resolver el problema antes de que se emita una recomendaci\u00f3n formal.\u200e<\/p>\t\t\t\t\t\t\t\t<\/div>\n\t\t\t\t<\/div>\n\t\t\t\t\t<\/div>\n\t\t<\/div>\n\t\t\t\t\t<\/div>\n\t\t<\/section>\n\t\t\t\t<section class=\"elementor-section elementor-top-section elementor-element elementor-element-e4cb2e3 elementor-section-boxed elementor-section-height-default elementor-section-height-default\" data-id=\"e4cb2e3\" data-element_type=\"section\" data-e-type=\"section\">\n\t\t\t\t\t\t<div class=\"elementor-container elementor-column-gap-default\">\n\t\t\t\t\t<div class=\"elementor-column elementor-col-100 elementor-top-column elementor-element elementor-element-31593d6\" data-id=\"31593d6\" data-element_type=\"column\" data-e-type=\"column\">\n\t\t\t<div class=\"elementor-widget-wrap elementor-element-populated\">\n\t\t\t\t\t\t<div class=\"elementor-element elementor-element-a95a5af elementor-widget elementor-widget-heading\" data-id=\"a95a5af\" data-element_type=\"widget\" data-e-type=\"widget\" data-widget_type=\"heading.default\">\n\t\t\t\t<div class=\"elementor-widget-container\">\n\t\t\t\t\t<h2 class=\"elementor-heading-title elementor-size-default\">Formulario de agravio<\/h2>\t\t\t\t<\/div>\n\t\t\t\t<\/div>\n\t\t\t\t\t<\/div>\n\t\t<\/div>\n\t\t\t\t\t<\/div>\n\t\t<\/section>\n\t\t\t\t<section class=\"elementor-section elementor-top-section elementor-element elementor-element-e27cedf elementor-section-boxed elementor-section-height-default elementor-section-height-default\" data-id=\"e27cedf\" data-element_type=\"section\" data-e-type=\"section\">\n\t\t\t\t\t\t<div class=\"elementor-container elementor-column-gap-default\">\n\t\t\t\t\t<div class=\"elementor-column elementor-col-100 elementor-top-column elementor-element elementor-element-ae06d34\" data-id=\"ae06d34\" data-element_type=\"column\" data-e-type=\"column\">\n\t\t\t<div class=\"elementor-widget-wrap elementor-element-populated\">\n\t\t\t\t\t\t<div class=\"elementor-element elementor-element-641d825 elementor-widget elementor-widget-text-editor\" data-id=\"641d825\" data-element_type=\"widget\" data-e-type=\"widget\" data-widget_type=\"text-editor.default\">\n\t\t\t\t<div class=\"elementor-widget-container\">\n\t\t\t\t\t\t\t\t\t<p>[contact-form-7 id=\u00bb164&#8243; title=\u00bbFormulario de Agravios\u00bb]<\/p>\t\t\t\t\t\t\t\t<\/div>\n\t\t\t\t<\/div>\n\t\t\t\t\t<\/div>\n\t\t<\/div>\n\t\t\t\t\t<\/div>\n\t\t<\/section>\n\t\t\t\t<\/div>\n\t\t","protected":false},"excerpt":{"rendered":"<p>Quejas Agravio \u200e \u200e\u200e1\u200e\u200e:\u200e\u200e \u200e\u200e \u200e\u200euna causa de angustia (como una condici\u00f3n de trabajo insatisfactoria)\u200e\u200ese sinti\u00f3 para pagar la raz\u00f3n de la queja o la &hellip;<\/p>\n","protected":false},"author":1,"featured_media":0,"parent":0,"menu_order":0,"comment_status":"closed","ping_status":"closed","template":"","meta":{"footnotes":""},"class_list":["post-165","page","type-page","status-publish","hentry"],"yoast_head":"<!-- This site is optimized with the Yoast SEO plugin v27.4 - https:\/\/yoast.com\/product\/yoast-seo-wordpress\/ -->\n<title>Quejas - DE JURE ASAMBLEA PUERTO PLATA R.D.<\/title>\n<meta name=\"robots\" content=\"index, follow, max-snippet:-1, max-image-preview:large, max-video-preview:-1\" \/>\n<link rel=\"canonical\" href=\"https:\/\/dejureasambleaptoptard.com\/?page_id=165\" \/>\n<meta property=\"og:locale\" content=\"es_ES\" \/>\n<meta property=\"og:type\" content=\"article\" \/>\n<meta property=\"og:title\" content=\"Quejas - DE JURE ASAMBLEA PUERTO PLATA R.D.\" \/>\n<meta property=\"og:description\" content=\"Quejas Agravio \u200e \u200e\u200e1\u200e\u200e:\u200e\u200e \u200e\u200e \u200e\u200euna causa de angustia (como una condici\u00f3n de trabajo insatisfactoria)\u200e\u200ese sinti\u00f3 para pagar la raz\u00f3n de la queja o la &hellip;\" \/>\n<meta property=\"og:url\" content=\"https:\/\/dejureasambleaptoptard.com\/?page_id=165\" \/>\n<meta property=\"og:site_name\" content=\"DE JURE ASAMBLEA PUERTO PLATA R.D.\" \/>\n<meta property=\"article:modified_time\" content=\"2022-02-25T22:38:15+00:00\" \/>\n<meta name=\"twitter:card\" content=\"summary_large_image\" \/>\n<meta name=\"twitter:label1\" content=\"Tiempo de lectura\" \/>\n\t<meta name=\"twitter:data1\" content=\"4 minutos\" \/>\n<script type=\"application\/ld+json\" class=\"yoast-schema-graph\">{\"@context\":\"https:\\\/\\\/schema.org\",\"@graph\":[{\"@type\":\"WebPage\",\"@id\":\"https:\\\/\\\/dejureasambleaptoptard.com\\\/?page_id=165\",\"url\":\"https:\\\/\\\/dejureasambleaptoptard.com\\\/?page_id=165\",\"name\":\"Quejas - DE JURE ASAMBLEA PUERTO PLATA R.D.\",\"isPartOf\":{\"@id\":\"https:\\\/\\\/dejureasambleaptoptard.com\\\/#website\"},\"datePublished\":\"2022-02-16T16:58:42+00:00\",\"dateModified\":\"2022-02-25T22:38:15+00:00\",\"breadcrumb\":{\"@id\":\"https:\\\/\\\/dejureasambleaptoptard.com\\\/?page_id=165#breadcrumb\"},\"inLanguage\":\"es\",\"potentialAction\":[{\"@type\":\"ReadAction\",\"target\":[\"https:\\\/\\\/dejureasambleaptoptard.com\\\/?page_id=165\"]}]},{\"@type\":\"BreadcrumbList\",\"@id\":\"https:\\\/\\\/dejureasambleaptoptard.com\\\/?page_id=165#breadcrumb\",\"itemListElement\":[{\"@type\":\"ListItem\",\"position\":1,\"name\":\"Portada\",\"item\":\"https:\\\/\\\/dejureasambleaptoptard.com\\\/\"},{\"@type\":\"ListItem\",\"position\":2,\"name\":\"Quejas\"}]},{\"@type\":\"WebSite\",\"@id\":\"https:\\\/\\\/dejureasambleaptoptard.com\\\/#website\",\"url\":\"https:\\\/\\\/dejureasambleaptoptard.com\\\/\",\"name\":\"DE JURE ASAMBLEA PUERTO PLATA R.D.\",\"description\":\"POR UNA CIUDAD RESTAURADA\",\"publisher\":{\"@id\":\"https:\\\/\\\/dejureasambleaptoptard.com\\\/#organization\"},\"potentialAction\":[{\"@type\":\"SearchAction\",\"target\":{\"@type\":\"EntryPoint\",\"urlTemplate\":\"https:\\\/\\\/dejureasambleaptoptard.com\\\/?s={search_term_string}\"},\"query-input\":{\"@type\":\"PropertyValueSpecification\",\"valueRequired\":true,\"valueName\":\"search_term_string\"}}],\"inLanguage\":\"es\"},{\"@type\":\"Organization\",\"@id\":\"https:\\\/\\\/dejureasambleaptoptard.com\\\/#organization\",\"name\":\"DE JURE ASAMBLEA PUERTO PLATA R.D.\",\"url\":\"https:\\\/\\\/dejureasambleaptoptard.com\\\/\",\"logo\":{\"@type\":\"ImageObject\",\"inLanguage\":\"es\",\"@id\":\"https:\\\/\\\/dejureasambleaptoptard.com\\\/#\\\/schema\\\/logo\\\/image\\\/\",\"url\":\"https:\\\/\\\/dejureasambleaptoptard.com\\\/wp-content\\\/uploads\\\/2022\\\/02\\\/logo-MARIO-BONILLA-1.jpg\",\"contentUrl\":\"https:\\\/\\\/dejureasambleaptoptard.com\\\/wp-content\\\/uploads\\\/2022\\\/02\\\/logo-MARIO-BONILLA-1.jpg\",\"width\":1500,\"height\":1500,\"caption\":\"DE JURE ASAMBLEA PUERTO PLATA R.D.\"},\"image\":{\"@id\":\"https:\\\/\\\/dejureasambleaptoptard.com\\\/#\\\/schema\\\/logo\\\/image\\\/\"}}]}<\/script>\n<!-- \/ Yoast SEO plugin. -->","yoast_head_json":{"title":"Quejas - DE JURE ASAMBLEA PUERTO PLATA R.D.","robots":{"index":"index","follow":"follow","max-snippet":"max-snippet:-1","max-image-preview":"max-image-preview:large","max-video-preview":"max-video-preview:-1"},"canonical":"https:\/\/dejureasambleaptoptard.com\/?page_id=165","og_locale":"es_ES","og_type":"article","og_title":"Quejas - DE JURE ASAMBLEA PUERTO PLATA R.D.","og_description":"Quejas Agravio \u200e \u200e\u200e1\u200e\u200e:\u200e\u200e \u200e\u200e \u200e\u200euna causa de angustia (como una condici\u00f3n de trabajo insatisfactoria)\u200e\u200ese sinti\u00f3 para pagar la raz\u00f3n de la queja o la &hellip;","og_url":"https:\/\/dejureasambleaptoptard.com\/?page_id=165","og_site_name":"DE JURE ASAMBLEA PUERTO PLATA R.D.","article_modified_time":"2022-02-25T22:38:15+00:00","twitter_card":"summary_large_image","twitter_misc":{"Tiempo de lectura":"4 minutos"},"schema":{"@context":"https:\/\/schema.org","@graph":[{"@type":"WebPage","@id":"https:\/\/dejureasambleaptoptard.com\/?page_id=165","url":"https:\/\/dejureasambleaptoptard.com\/?page_id=165","name":"Quejas - DE JURE ASAMBLEA PUERTO PLATA R.D.","isPartOf":{"@id":"https:\/\/dejureasambleaptoptard.com\/#website"},"datePublished":"2022-02-16T16:58:42+00:00","dateModified":"2022-02-25T22:38:15+00:00","breadcrumb":{"@id":"https:\/\/dejureasambleaptoptard.com\/?page_id=165#breadcrumb"},"inLanguage":"es","potentialAction":[{"@type":"ReadAction","target":["https:\/\/dejureasambleaptoptard.com\/?page_id=165"]}]},{"@type":"BreadcrumbList","@id":"https:\/\/dejureasambleaptoptard.com\/?page_id=165#breadcrumb","itemListElement":[{"@type":"ListItem","position":1,"name":"Portada","item":"https:\/\/dejureasambleaptoptard.com\/"},{"@type":"ListItem","position":2,"name":"Quejas"}]},{"@type":"WebSite","@id":"https:\/\/dejureasambleaptoptard.com\/#website","url":"https:\/\/dejureasambleaptoptard.com\/","name":"DE JURE ASAMBLEA PUERTO PLATA R.D.","description":"POR UNA CIUDAD RESTAURADA","publisher":{"@id":"https:\/\/dejureasambleaptoptard.com\/#organization"},"potentialAction":[{"@type":"SearchAction","target":{"@type":"EntryPoint","urlTemplate":"https:\/\/dejureasambleaptoptard.com\/?s={search_term_string}"},"query-input":{"@type":"PropertyValueSpecification","valueRequired":true,"valueName":"search_term_string"}}],"inLanguage":"es"},{"@type":"Organization","@id":"https:\/\/dejureasambleaptoptard.com\/#organization","name":"DE JURE ASAMBLEA PUERTO PLATA R.D.","url":"https:\/\/dejureasambleaptoptard.com\/","logo":{"@type":"ImageObject","inLanguage":"es","@id":"https:\/\/dejureasambleaptoptard.com\/#\/schema\/logo\/image\/","url":"https:\/\/dejureasambleaptoptard.com\/wp-content\/uploads\/2022\/02\/logo-MARIO-BONILLA-1.jpg","contentUrl":"https:\/\/dejureasambleaptoptard.com\/wp-content\/uploads\/2022\/02\/logo-MARIO-BONILLA-1.jpg","width":1500,"height":1500,"caption":"DE JURE ASAMBLEA PUERTO PLATA R.D."},"image":{"@id":"https:\/\/dejureasambleaptoptard.com\/#\/schema\/logo\/image\/"}}]}},"_links":{"self":[{"href":"https:\/\/dejureasambleaptoptard.com\/index.php?rest_route=\/wp\/v2\/pages\/165","targetHints":{"allow":["GET"]}}],"collection":[{"href":"https:\/\/dejureasambleaptoptard.com\/index.php?rest_route=\/wp\/v2\/pages"}],"about":[{"href":"https:\/\/dejureasambleaptoptard.com\/index.php?rest_route=\/wp\/v2\/types\/page"}],"author":[{"embeddable":true,"href":"https:\/\/dejureasambleaptoptard.com\/index.php?rest_route=\/wp\/v2\/users\/1"}],"replies":[{"embeddable":true,"href":"https:\/\/dejureasambleaptoptard.com\/index.php?rest_route=%2Fwp%2Fv2%2Fcomments&post=165"}],"version-history":[{"count":7,"href":"https:\/\/dejureasambleaptoptard.com\/index.php?rest_route=\/wp\/v2\/pages\/165\/revisions"}],"predecessor-version":[{"id":385,"href":"https:\/\/dejureasambleaptoptard.com\/index.php?rest_route=\/wp\/v2\/pages\/165\/revisions\/385"}],"wp:attachment":[{"href":"https:\/\/dejureasambleaptoptard.com\/index.php?rest_route=%2Fwp%2Fv2%2Fmedia&parent=165"}],"curies":[{"name":"wp","href":"https:\/\/api.w.org\/{rel}","templated":true}]}}