{"id":297,"date":"2022-02-22T18:12:10","date_gmt":"2022-02-22T22:42:10","guid":{"rendered":"https:\/\/dejureasambleaptoptard.com\/?page_id=297"},"modified":"2022-02-26T16:12:35","modified_gmt":"2022-02-26T20:42:35","slug":"membresia-de-la-asamblea","status":"publish","type":"page","link":"https:\/\/dejureasambleaptoptard.com\/?page_id=297","title":{"rendered":"Membres\u00eda de la Asamblea"},"content":{"rendered":"\t\t<div data-elementor-type=\"wp-page\" data-elementor-id=\"297\" class=\"elementor elementor-297\">\n\t\t\t\t\t\t<section class=\"elementor-section elementor-top-section elementor-element elementor-element-6add2f3 elementor-section-boxed elementor-section-height-default elementor-section-height-default\" data-id=\"6add2f3\" data-element_type=\"section\" data-e-type=\"section\">\n\t\t\t\t\t\t<div class=\"elementor-container elementor-column-gap-default\">\n\t\t\t\t\t<div class=\"elementor-column elementor-col-100 elementor-top-column elementor-element elementor-element-3205dc4\" data-id=\"3205dc4\" data-element_type=\"column\" data-e-type=\"column\">\n\t\t\t<div class=\"elementor-widget-wrap elementor-element-populated\">\n\t\t\t\t\t\t<div class=\"elementor-element elementor-element-776ab65 elementor-widget elementor-widget-heading\" data-id=\"776ab65\" data-element_type=\"widget\" data-e-type=\"widget\" data-widget_type=\"heading.default\">\n\t\t\t\t<div class=\"elementor-widget-container\">\n\t\t\t\t\t<h2 class=\"elementor-heading-title elementor-size-default\">Pol\u00edticas de nuevos miembros<\/h2>\t\t\t\t<\/div>\n\t\t\t\t<\/div>\n\t\t\t\t\t<\/div>\n\t\t<\/div>\n\t\t\t\t\t<\/div>\n\t\t<\/section>\n\t\t\t\t<section class=\"elementor-section elementor-top-section elementor-element elementor-element-0345f0b elementor-section-boxed elementor-section-height-default elementor-section-height-default\" data-id=\"0345f0b\" data-element_type=\"section\" data-e-type=\"section\">\n\t\t\t\t\t\t<div class=\"elementor-container elementor-column-gap-default\">\n\t\t\t\t\t<div class=\"elementor-column elementor-col-100 elementor-top-column elementor-element elementor-element-452548d\" data-id=\"452548d\" data-element_type=\"column\" data-e-type=\"column\">\n\t\t\t<div class=\"elementor-widget-wrap elementor-element-populated\">\n\t\t\t\t\t\t<div class=\"elementor-element elementor-element-915d67a elementor-widget elementor-widget-text-editor\" data-id=\"915d67a\" data-element_type=\"widget\" data-e-type=\"widget\" data-widget_type=\"text-editor.default\">\n\t\t\t\t<div class=\"elementor-widget-container\">\n\t\t\t\t\t\t\t\t\t<p>Todos los residentes de la provincia de Puerto Plata son posibles miembros de la asamblea de la provincia. Esta pol\u00edtica es para los nuevos miembros que se unen a la DE JURE ASAMBLEA PUERTO PLATA, R.D. (Asamblea), el cuerpo de trabajo para la asamblea mayor. Las solicitudes presentadas a la Asamblea ser\u00e1n examinadas por el Consejo lo antes posible.\u200e<\/p><p><strong>\u200eCalificaciones\u200e<\/strong><\/p><ol><li>\u200eEl Solicitante debe ser un residente actual de la provincia de Puerto Plata y haber sido residente durante al menos seis (6) meses.\u200e<\/li><li>\u200eEl solicitante debe tener al menos 18 a\u00f1os de edad\u200e<\/li><li>\u200eLos solicitantes no tienen una condena por delito grave por\u200e<\/li><li>\u200eDelitos violentos\u200e<\/li><li>\u200eDelitos financieros\u200e<\/li><li>\u200eDelito sexual\u200e<\/li><li>\u200eLos solicitantes con delitos graves deben estar fuera de libertad condicional para ser elegibles para la revisi\u00f3n individual y la aprobaci\u00f3n del Consejo.\u200e<\/li><li>\u200eLos solicitantes deben haber asistido a las dos (2) reuniones p\u00fablicas m\u00e1s recientes de la Asamblea antes de presentar la solicitud\u200e<\/li><li>\u200eLos solicitantes a la Asamblea, que hayan sido suspendidos de cualquier Asamblea por mala conducta o tergiversaci\u00f3n, solo ser\u00e1n admitidos en la Asamblea en espera de una investigaci\u00f3n exhaustiva y un informe del Sargento de Armas y el Defensor del Pueblo (Investigador Judicial) de la Asamblea.\u200e<\/li><\/ol><p><strong>\u200eRequisitos\u200e<\/strong><\/p><p>\u200eLos nuevos miembros deben aceptar y firmar lo siguiente:\u200e<\/p><ol><li>\u200eResoluci\u00f3n de un acuerdo\u200e<\/li><li>\u200eAcuerdo de membres\u00eda\u200e<\/li><li>\u200eC\u00f3digo de conducta\u200e<\/li><li>\u200eAcuerdo de conflicto de intereses\u200e<\/li><\/ol><p>\u200eDerechos de los miembros en regla\u200e<\/p><p><strong>\u200eUn miembro en regla est\u00e1 calificado para:\u200e<\/strong><\/p><ol><li>\u200eVotar\u200e<\/li><li>\u200eOcupar un cargo en un comit\u00e9\u200e<\/li><li>\u200eOcupar un cargo de Oficial en la Asamblea\u200e<\/li><\/ol><p>\u200eDefiniciones\u200e<\/p><ol><li>\u200eAsistir al menos a tres (3) reuniones de asambleas p\u00fablicas por mes\u200e<\/li><li>\u200eLas reuniones perdidas se pueden compensar observando la(s) reuni\u00f3n(es) grabada(s) y revisando las actas de esa reuni\u00f3n.\u200e<\/li><li>\u200eNo hay violaciones de la Resoluci\u00f3n de un Acuerdo, C\u00f3digo de Conducta, Conflicto de Intereses o Acuerdos de Membres\u00eda.\u200e<\/li><li>\u200eNo han sido removidos de esta, ni de ninguna otra Asamblea en los \u00faltimos dos a\u00f1os.\u200e<\/li><li>\u200ePar\u00e1metros de pertenencia\u200e<\/li><\/ol><p>\u200eMembres\u00eda General\u200e<\/p><ol><li>\u200eCopias firmadas de todos los acuerdos por el Solicitante\u200e<\/li><li>\u200eRevisi\u00f3n del grupo de incorporaci\u00f3n de nuevos miembros\u200e<\/li><li>\u200eEl Consejo dar\u00e1 su aprobaci\u00f3n\u200e<\/li><li>\u200eEntrevista de incorporaci\u00f3n de nuevos miembros y colocaci\u00f3n de voluntarios en un comit\u00e9\u200e<\/li><li>\u200ePosiciones del Comit\u00e9\u200e<\/li><\/ol><p>\u200eTodos los nuevos miembros deber\u00e1n ofrecerse como voluntarios para el comit\u00e9 de su elecci\u00f3n durante un m\u00ednimo de 90 d\u00edas y no m\u00e1s de 180 d\u00edas antes de ser elegibles para la asignaci\u00f3n a un puesto en el comit\u00e9.\u200e<\/p><p>\u200ePuestos de Oficial\u200e<\/p><p>\u200eLos nuevos miembros deben servir en un Comit\u00e9 durante al menos un per\u00edodo antes de ser elegibles para ocupar un puesto de oficial en la Asamblea.\u200e<\/p><p>\u200eReglas Generales\u200e<\/p><p>\u200eNo hay clases de membres\u00eda. Todos los miembros son autom\u00e1ticamente miembros de la Asamblea Mayor. Los miembros de la Asamblea son elegibles, en espera de la satisfacci\u00f3n de los requisitos de los nuevos miembros y las condiciones de evaluaci\u00f3n, para servir en Comit\u00e9s y ocupar Cargos en la Asamblea\u200e<\/p><ol><li>\u200eNo hay requisitos de cuota o donaci\u00f3n para la membres\u00eda.\u200e<\/li><li>\u200eLas violaciones de conflictos de intereses o la tergiversaci\u00f3n de los hechos solicitados son motivo de expulsi\u00f3n de la Asamblea.\u200e<\/li><li>\u200eJurisdicci\u00f3n\u200e<\/li><\/ol><p>\u200eLos residentes pueden pertenecer a tantas Asambleas como correspondan a la jurisdicci\u00f3n de su residencia principal (Ciudad, Condado, Estado, Nacional), pero servir en un comit\u00e9, consejo u otra posici\u00f3n oficial en una sola Asamblea a la vez.\u200e<\/p><p>\u200ePol\u00edtica de quejas\u200e<\/p><p>\u200eLos miembros pueden ser suspendidos o expulsados de su cargo o de la Asamblea si se demuestra la causa adecuada y tras los procedimientos definidos en la Pol\u00edtica de <a href=\"https:\/\/dejureasambleaptoptard.com\/?page_id=165\">Quejas:<\/a><\/p><p>\u200eDimisi\u00f3n de los miembros\u200e<\/p><p>\u200eUn Miembro puede renunciar a la Asamblea o al Consejo en cualquier momento mediante notificaci\u00f3n escrita o electr\u00f3nica al Consejo o al Secretario de la Asamblea. Sin embargo, ese miembro siempre seguir\u00e1 siendo miembro de la Asamblea Mayor DE JURE ASAMBLEA PUERTO PLATA R.D.<strong> \u200e<\/strong>\u200e siempre y cuando conserven la residencia.\u200e<\/p><p>\u200eLos miembros renunciados pueden participar en la Asamblea, incluso como voluntarios, empleados o como agentes designados.\u200e<\/p><p>\u200eExenci\u00f3n de responsabilidad\u200e<\/p><p>\u200eNing\u00fan miembro responsabilizar\u00e1 a la Asamblea o al Consejo por lesiones personales o da\u00f1os a la propiedad en los que se pueda incurrir en dichos cuartos de la Asamblea, en el momento de reuniones, entretenimientos, reuniones sociales u otros lugares o eventos.\u200e<\/p><p>\u200eRenuncia\u200e<\/p><p>\u200eEl miembro entiende y acepta que el consejo y los miembros de la Asamblea NO se comprometen, independientemente del foro o documento, a proporcionar o dar asesoramiento legal, m\u00e9dico o fiscal.\u200e<\/p>\t\t\t\t\t\t\t\t<\/div>\n\t\t\t\t<\/div>\n\t\t\t\t\t<\/div>\n\t\t<\/div>\n\t\t\t\t\t<\/div>\n\t\t<\/section>\n\t\t\t\t<\/div>\n\t\t","protected":false},"excerpt":{"rendered":"<p>Pol\u00edticas de nuevos miembros Todos los residentes de la provincia de Puerto Plata son posibles miembros de la asamblea de la provincia. Esta pol\u00edtica es &hellip;<\/p>\n","protected":false},"author":1,"featured_media":0,"parent":0,"menu_order":0,"comment_status":"closed","ping_status":"closed","template":"","meta":{"footnotes":""},"class_list":["post-297","page","type-page","status-publish","hentry"],"yoast_head":"<!-- This site is optimized with the Yoast SEO plugin v27.4 - https:\/\/yoast.com\/product\/yoast-seo-wordpress\/ -->\n<title>Membres\u00eda de la Asamblea - DE JURE ASAMBLEA PUERTO PLATA R.D.<\/title>\n<meta name=\"robots\" content=\"index, follow, max-snippet:-1, max-image-preview:large, max-video-preview:-1\" \/>\n<link rel=\"canonical\" href=\"https:\/\/dejureasambleaptoptard.com\/?page_id=297\" \/>\n<meta property=\"og:locale\" content=\"es_ES\" \/>\n<meta property=\"og:type\" content=\"article\" \/>\n<meta property=\"og:title\" content=\"Membres\u00eda de la Asamblea - DE JURE ASAMBLEA PUERTO PLATA R.D.\" \/>\n<meta property=\"og:description\" content=\"Pol\u00edticas de nuevos miembros Todos los residentes de la provincia de Puerto Plata son posibles miembros de la asamblea de la provincia. Esta pol\u00edtica es &hellip;\" \/>\n<meta property=\"og:url\" content=\"https:\/\/dejureasambleaptoptard.com\/?page_id=297\" \/>\n<meta property=\"og:site_name\" content=\"DE JURE ASAMBLEA PUERTO PLATA R.D.\" \/>\n<meta property=\"article:modified_time\" content=\"2022-02-26T20:42:35+00:00\" \/>\n<meta name=\"twitter:card\" content=\"summary_large_image\" \/>\n<meta name=\"twitter:label1\" content=\"Tiempo de lectura\" \/>\n\t<meta name=\"twitter:data1\" content=\"4 minutos\" \/>\n<script type=\"application\/ld+json\" class=\"yoast-schema-graph\">{\"@context\":\"https:\\\/\\\/schema.org\",\"@graph\":[{\"@type\":\"WebPage\",\"@id\":\"https:\\\/\\\/dejureasambleaptoptard.com\\\/?page_id=297\",\"url\":\"https:\\\/\\\/dejureasambleaptoptard.com\\\/?page_id=297\",\"name\":\"Membres\u00eda de la Asamblea - DE JURE ASAMBLEA PUERTO PLATA R.D.\",\"isPartOf\":{\"@id\":\"https:\\\/\\\/dejureasambleaptoptard.com\\\/#website\"},\"datePublished\":\"2022-02-22T22:42:10+00:00\",\"dateModified\":\"2022-02-26T20:42:35+00:00\",\"breadcrumb\":{\"@id\":\"https:\\\/\\\/dejureasambleaptoptard.com\\\/?page_id=297#breadcrumb\"},\"inLanguage\":\"es\",\"potentialAction\":[{\"@type\":\"ReadAction\",\"target\":[\"https:\\\/\\\/dejureasambleaptoptard.com\\\/?page_id=297\"]}]},{\"@type\":\"BreadcrumbList\",\"@id\":\"https:\\\/\\\/dejureasambleaptoptard.com\\\/?page_id=297#breadcrumb\",\"itemListElement\":[{\"@type\":\"ListItem\",\"position\":1,\"name\":\"Portada\",\"item\":\"https:\\\/\\\/dejureasambleaptoptard.com\\\/\"},{\"@type\":\"ListItem\",\"position\":2,\"name\":\"Membres\u00eda de la Asamblea\"}]},{\"@type\":\"WebSite\",\"@id\":\"https:\\\/\\\/dejureasambleaptoptard.com\\\/#website\",\"url\":\"https:\\\/\\\/dejureasambleaptoptard.com\\\/\",\"name\":\"DE JURE ASAMBLEA PUERTO PLATA R.D.\",\"description\":\"POR UNA CIUDAD RESTAURADA\",\"publisher\":{\"@id\":\"https:\\\/\\\/dejureasambleaptoptard.com\\\/#organization\"},\"potentialAction\":[{\"@type\":\"SearchAction\",\"target\":{\"@type\":\"EntryPoint\",\"urlTemplate\":\"https:\\\/\\\/dejureasambleaptoptard.com\\\/?s={search_term_string}\"},\"query-input\":{\"@type\":\"PropertyValueSpecification\",\"valueRequired\":true,\"valueName\":\"search_term_string\"}}],\"inLanguage\":\"es\"},{\"@type\":\"Organization\",\"@id\":\"https:\\\/\\\/dejureasambleaptoptard.com\\\/#organization\",\"name\":\"DE JURE ASAMBLEA PUERTO PLATA R.D.\",\"url\":\"https:\\\/\\\/dejureasambleaptoptard.com\\\/\",\"logo\":{\"@type\":\"ImageObject\",\"inLanguage\":\"es\",\"@id\":\"https:\\\/\\\/dejureasambleaptoptard.com\\\/#\\\/schema\\\/logo\\\/image\\\/\",\"url\":\"https:\\\/\\\/dejureasambleaptoptard.com\\\/wp-content\\\/uploads\\\/2022\\\/02\\\/logo-MARIO-BONILLA-1.jpg\",\"contentUrl\":\"https:\\\/\\\/dejureasambleaptoptard.com\\\/wp-content\\\/uploads\\\/2022\\\/02\\\/logo-MARIO-BONILLA-1.jpg\",\"width\":1500,\"height\":1500,\"caption\":\"DE JURE ASAMBLEA PUERTO PLATA R.D.\"},\"image\":{\"@id\":\"https:\\\/\\\/dejureasambleaptoptard.com\\\/#\\\/schema\\\/logo\\\/image\\\/\"}}]}<\/script>\n<!-- \/ Yoast SEO plugin. -->","yoast_head_json":{"title":"Membres\u00eda de la Asamblea - DE JURE ASAMBLEA PUERTO PLATA R.D.","robots":{"index":"index","follow":"follow","max-snippet":"max-snippet:-1","max-image-preview":"max-image-preview:large","max-video-preview":"max-video-preview:-1"},"canonical":"https:\/\/dejureasambleaptoptard.com\/?page_id=297","og_locale":"es_ES","og_type":"article","og_title":"Membres\u00eda de la Asamblea - DE JURE ASAMBLEA PUERTO PLATA R.D.","og_description":"Pol\u00edticas de nuevos miembros Todos los residentes de la provincia de Puerto Plata son posibles miembros de la asamblea de la provincia. Esta pol\u00edtica es &hellip;","og_url":"https:\/\/dejureasambleaptoptard.com\/?page_id=297","og_site_name":"DE JURE ASAMBLEA PUERTO PLATA R.D.","article_modified_time":"2022-02-26T20:42:35+00:00","twitter_card":"summary_large_image","twitter_misc":{"Tiempo de lectura":"4 minutos"},"schema":{"@context":"https:\/\/schema.org","@graph":[{"@type":"WebPage","@id":"https:\/\/dejureasambleaptoptard.com\/?page_id=297","url":"https:\/\/dejureasambleaptoptard.com\/?page_id=297","name":"Membres\u00eda de la Asamblea - DE JURE ASAMBLEA PUERTO PLATA R.D.","isPartOf":{"@id":"https:\/\/dejureasambleaptoptard.com\/#website"},"datePublished":"2022-02-22T22:42:10+00:00","dateModified":"2022-02-26T20:42:35+00:00","breadcrumb":{"@id":"https:\/\/dejureasambleaptoptard.com\/?page_id=297#breadcrumb"},"inLanguage":"es","potentialAction":[{"@type":"ReadAction","target":["https:\/\/dejureasambleaptoptard.com\/?page_id=297"]}]},{"@type":"BreadcrumbList","@id":"https:\/\/dejureasambleaptoptard.com\/?page_id=297#breadcrumb","itemListElement":[{"@type":"ListItem","position":1,"name":"Portada","item":"https:\/\/dejureasambleaptoptard.com\/"},{"@type":"ListItem","position":2,"name":"Membres\u00eda de la Asamblea"}]},{"@type":"WebSite","@id":"https:\/\/dejureasambleaptoptard.com\/#website","url":"https:\/\/dejureasambleaptoptard.com\/","name":"DE JURE ASAMBLEA PUERTO PLATA R.D.","description":"POR UNA CIUDAD RESTAURADA","publisher":{"@id":"https:\/\/dejureasambleaptoptard.com\/#organization"},"potentialAction":[{"@type":"SearchAction","target":{"@type":"EntryPoint","urlTemplate":"https:\/\/dejureasambleaptoptard.com\/?s={search_term_string}"},"query-input":{"@type":"PropertyValueSpecification","valueRequired":true,"valueName":"search_term_string"}}],"inLanguage":"es"},{"@type":"Organization","@id":"https:\/\/dejureasambleaptoptard.com\/#organization","name":"DE JURE ASAMBLEA PUERTO PLATA R.D.","url":"https:\/\/dejureasambleaptoptard.com\/","logo":{"@type":"ImageObject","inLanguage":"es","@id":"https:\/\/dejureasambleaptoptard.com\/#\/schema\/logo\/image\/","url":"https:\/\/dejureasambleaptoptard.com\/wp-content\/uploads\/2022\/02\/logo-MARIO-BONILLA-1.jpg","contentUrl":"https:\/\/dejureasambleaptoptard.com\/wp-content\/uploads\/2022\/02\/logo-MARIO-BONILLA-1.jpg","width":1500,"height":1500,"caption":"DE JURE ASAMBLEA PUERTO PLATA R.D."},"image":{"@id":"https:\/\/dejureasambleaptoptard.com\/#\/schema\/logo\/image\/"}}]}},"_links":{"self":[{"href":"https:\/\/dejureasambleaptoptard.com\/index.php?rest_route=\/wp\/v2\/pages\/297","targetHints":{"allow":["GET"]}}],"collection":[{"href":"https:\/\/dejureasambleaptoptard.com\/index.php?rest_route=\/wp\/v2\/pages"}],"about":[{"href":"https:\/\/dejureasambleaptoptard.com\/index.php?rest_route=\/wp\/v2\/types\/page"}],"author":[{"embeddable":true,"href":"https:\/\/dejureasambleaptoptard.com\/index.php?rest_route=\/wp\/v2\/users\/1"}],"replies":[{"embeddable":true,"href":"https:\/\/dejureasambleaptoptard.com\/index.php?rest_route=%2Fwp%2Fv2%2Fcomments&post=297"}],"version-history":[{"count":7,"href":"https:\/\/dejureasambleaptoptard.com\/index.php?rest_route=\/wp\/v2\/pages\/297\/revisions"}],"predecessor-version":[{"id":395,"href":"https:\/\/dejureasambleaptoptard.com\/index.php?rest_route=\/wp\/v2\/pages\/297\/revisions\/395"}],"wp:attachment":[{"href":"https:\/\/dejureasambleaptoptard.com\/index.php?rest_route=%2Fwp%2Fv2%2Fmedia&parent=297"}],"curies":[{"name":"wp","href":"https:\/\/api.w.org\/{rel}","templated":true}]}}