{"id":49,"date":"2022-02-11T16:08:45","date_gmt":"2022-02-11T20:38:45","guid":{"rendered":"https:\/\/dejureasambleaptoptard.com\/?page_id=49"},"modified":"2022-02-11T17:24:24","modified_gmt":"2022-02-11T21:54:24","slug":"inicio","status":"publish","type":"page","link":"https:\/\/dejureasambleaptoptard.com\/?page_id=49","title":{"rendered":"INICIO"},"content":{"rendered":"\t\t<div data-elementor-type=\"wp-page\" data-elementor-id=\"49\" class=\"elementor elementor-49\">\n\t\t\t\t\t\t<section class=\"elementor-section elementor-top-section elementor-element elementor-element-3145057 elementor-section-boxed elementor-section-height-default elementor-section-height-default\" data-id=\"3145057\" data-element_type=\"section\" data-e-type=\"section\">\n\t\t\t\t\t\t<div class=\"elementor-container elementor-column-gap-default\">\n\t\t\t\t\t<div class=\"elementor-column elementor-col-100 elementor-top-column elementor-element elementor-element-f94959c\" data-id=\"f94959c\" data-element_type=\"column\" data-e-type=\"column\">\n\t\t\t<div class=\"elementor-widget-wrap\">\n\t\t\t\t\t\t\t<\/div>\n\t\t<\/div>\n\t\t\t\t\t<\/div>\n\t\t<\/section>\n\t\t\t\t<section class=\"elementor-section elementor-top-section elementor-element elementor-element-20513c5 elementor-section-boxed elementor-section-height-default elementor-section-height-default\" data-id=\"20513c5\" data-element_type=\"section\" data-e-type=\"section\">\n\t\t\t\t\t\t<div class=\"elementor-container elementor-column-gap-default\">\n\t\t\t\t\t<div class=\"elementor-column elementor-col-100 elementor-top-column elementor-element elementor-element-6dce2ff\" data-id=\"6dce2ff\" data-element_type=\"column\" data-e-type=\"column\">\n\t\t\t<div class=\"elementor-widget-wrap elementor-element-populated\">\n\t\t\t\t\t\t<div class=\"elementor-element elementor-element-2d28b42 elementor-widget elementor-widget-heading\" data-id=\"2d28b42\" data-element_type=\"widget\" data-e-type=\"widget\" data-widget_type=\"heading.default\">\n\t\t\t\t<div class=\"elementor-widget-container\">\n\t\t\t\t\t<h2 class=\"elementor-heading-title elementor-size-default\">Bienvenida<\/h2>\t\t\t\t<\/div>\n\t\t\t\t<\/div>\n\t\t\t\t\t<\/div>\n\t\t<\/div>\n\t\t\t\t\t<\/div>\n\t\t<\/section>\n\t\t\t\t<section class=\"elementor-section elementor-top-section elementor-element elementor-element-239badb elementor-section-boxed elementor-section-height-default elementor-section-height-default\" data-id=\"239badb\" data-element_type=\"section\" data-e-type=\"section\">\n\t\t\t\t\t\t<div class=\"elementor-container elementor-column-gap-default\">\n\t\t\t\t\t<div class=\"elementor-column elementor-col-100 elementor-top-column elementor-element elementor-element-d2a7d73\" data-id=\"d2a7d73\" data-element_type=\"column\" data-e-type=\"column\">\n\t\t\t<div class=\"elementor-widget-wrap elementor-element-populated\">\n\t\t\t\t\t\t<div class=\"elementor-element elementor-element-28a829b elementor-widget elementor-widget-text-editor\" data-id=\"28a829b\" data-element_type=\"widget\" data-e-type=\"widget\" data-widget_type=\"text-editor.default\">\n\t\t\t\t<div class=\"elementor-widget-container\">\n\t\t\t\t\t\t\t\t\t<p>Bienvenido a formar parte de DE JURE ASAMBLEA PUERTO PLARA, R,D., la cual es una instituci\u00f3n sin fines de lucro, destinada a la restauraci\u00f3n de los derechos naturales de las personas que habitan en la provincia de Puerto Plata.<\/p><p>Nuestro objetivo es lograr que a los ciudadanos de Puerto Plata les sean restaurados sus derechos naturales y eso lo lograremos a trav\u00e9s de iniciativas proyectos encaminados al bienestar de la ciudadan\u00eda en su diario vivir.<\/p><p>Los puertoplate\u00f1os\u00a0podr\u00e1n beneficiarse de las iniciativas que se tomar\u00e1n con la intensi\u00f3n de crear nuevas fuentes de energ\u00eda, agua potable, proyectos de construcci\u00f3n, proyectos agr\u00edcolas, medio ambiente,\u00a0educaci\u00f3n\u00a0para que los ciudadanos sean\u00a0\u00a0 entes productivos en la sociedad y crear las condiciones\u00a0para que la\u00a0agricultura regenerativa proporcione un suministro de alimentos saludables para todos los ciudadanos.<\/p><p>Hemos establecido este organismo para garantizar la existencia, el desarrollo y el mantenimiento seguros de las comunidades dentro del territorio de la provincia de Puerto Plata<strong>.\u200e<\/strong>\u200e Los esfuerzos colectivos de esta Asamblea siempre reflejar\u00e1n las preocupaciones y soluciones de los individuos dentro del territorio definido<strong>.\u200e<\/strong>\u200e<\/p><p>La raz\u00f3n de nuestra existencia es evidencia de que esta tierra est\u00e1 protegida por el poder del autogobierno, con todas las estructuras legales dictadas por el convenio colectivo de residentes bien informados. Este \u00f3rgano es la representaci\u00f3n reconocida y ratificada del gobierno de jure de hecho. \u200e<\/p>\t\t\t\t\t\t\t\t<\/div>\n\t\t\t\t<\/div>\n\t\t\t\t\t<\/div>\n\t\t<\/div>\n\t\t\t\t\t<\/div>\n\t\t<\/section>\n\t\t\t\t<section class=\"elementor-section elementor-top-section elementor-element elementor-element-4a3b3ff elementor-section-boxed elementor-section-height-default elementor-section-height-default\" data-id=\"4a3b3ff\" data-element_type=\"section\" data-e-type=\"section\">\n\t\t\t\t\t\t<div class=\"elementor-container elementor-column-gap-default\">\n\t\t\t\t\t<div class=\"elementor-column elementor-col-100 elementor-top-column elementor-element elementor-element-8907650\" data-id=\"8907650\" data-element_type=\"column\" data-e-type=\"column\">\n\t\t\t<div class=\"elementor-widget-wrap elementor-element-populated\">\n\t\t\t\t\t\t<div class=\"elementor-element elementor-element-4833be5 elementor-widget elementor-widget-heading\" data-id=\"4833be5\" data-element_type=\"widget\" data-e-type=\"widget\" data-widget_type=\"heading.default\">\n\t\t\t\t<div class=\"elementor-widget-container\">\n\t\t\t\t\t<h2 class=\"elementor-heading-title elementor-size-default\">Asambleas Municipales<\/h2>\t\t\t\t<\/div>\n\t\t\t\t<\/div>\n\t\t\t\t\t<\/div>\n\t\t<\/div>\n\t\t\t\t\t<\/div>\n\t\t<\/section>\n\t\t\t\t<section class=\"elementor-section elementor-top-section elementor-element elementor-element-606be28 elementor-section-boxed elementor-section-height-default elementor-section-height-default\" data-id=\"606be28\" data-element_type=\"section\" data-e-type=\"section\">\n\t\t\t\t\t\t<div class=\"elementor-container elementor-column-gap-default\">\n\t\t\t\t\t<div class=\"elementor-column elementor-col-100 elementor-top-column elementor-element elementor-element-d2aeed1\" data-id=\"d2aeed1\" data-element_type=\"column\" data-e-type=\"column\">\n\t\t\t<div class=\"elementor-widget-wrap elementor-element-populated\">\n\t\t\t\t\t\t<div class=\"elementor-element elementor-element-5139cdc elementor-widget elementor-widget-image\" data-id=\"5139cdc\" data-element_type=\"widget\" data-e-type=\"widget\" data-widget_type=\"image.default\">\n\t\t\t\t<div class=\"elementor-widget-container\">\n\t\t\t\t\t\t\t\t\t\t\t\t\t\t\t<img decoding=\"async\" width=\"250\" height=\"136\" src=\"https:\/\/dejureasambleaptoptard.com\/wp-content\/uploads\/2022\/02\/mapa-pop-250x136-2.jpg\" class=\"attachment-full size-full wp-image-58\" alt=\"\" \/>\t\t\t\t\t\t\t\t\t\t\t\t\t\t\t<\/div>\n\t\t\t\t<\/div>\n\t\t\t\t\t<\/div>\n\t\t<\/div>\n\t\t\t\t\t<\/div>\n\t\t<\/section>\n\t\t\t\t<\/div>\n\t\t","protected":false},"excerpt":{"rendered":"<p>Bienvenida Bienvenido a formar parte de DE JURE ASAMBLEA PUERTO PLARA, R,D., la cual es una instituci\u00f3n sin fines de lucro, destinada a la restauraci\u00f3n &hellip;<\/p>\n","protected":false},"author":1,"featured_media":0,"parent":0,"menu_order":0,"comment_status":"closed","ping_status":"closed","template":"","meta":{"footnotes":""},"class_list":["post-49","page","type-page","status-publish","hentry"],"yoast_head":"<!-- This site is optimized with the Yoast SEO plugin v27.4 - https:\/\/yoast.com\/product\/yoast-seo-wordpress\/ -->\n<title>INICIO - DE JURE ASAMBLEA PUERTO PLATA R.D.<\/title>\n<meta name=\"robots\" content=\"index, follow, max-snippet:-1, max-image-preview:large, max-video-preview:-1\" \/>\n<link rel=\"canonical\" href=\"https:\/\/dejureasambleaptoptard.com\/?page_id=49\" \/>\n<meta property=\"og:locale\" content=\"es_ES\" \/>\n<meta property=\"og:type\" content=\"article\" \/>\n<meta property=\"og:title\" content=\"INICIO - DE JURE ASAMBLEA PUERTO PLATA R.D.\" \/>\n<meta property=\"og:description\" content=\"Bienvenida Bienvenido a formar parte de DE JURE ASAMBLEA PUERTO PLARA, R,D., la cual es una instituci\u00f3n sin fines de lucro, destinada a la restauraci\u00f3n &hellip;\" \/>\n<meta property=\"og:url\" content=\"https:\/\/dejureasambleaptoptard.com\/?page_id=49\" \/>\n<meta property=\"og:site_name\" content=\"DE JURE ASAMBLEA PUERTO PLATA R.D.\" \/>\n<meta property=\"article:modified_time\" content=\"2022-02-11T21:54:24+00:00\" \/>\n<meta property=\"og:image\" content=\"https:\/\/dejureasambleaptoptard.com\/wp-content\/uploads\/2022\/02\/mapa-pop-250x136-2.jpg\" \/>\n<meta name=\"twitter:card\" content=\"summary_large_image\" \/>\n<meta name=\"twitter:label1\" content=\"Tiempo de lectura\" \/>\n\t<meta name=\"twitter:data1\" content=\"2 minutos\" \/>\n<script type=\"application\/ld+json\" class=\"yoast-schema-graph\">{\"@context\":\"https:\\\/\\\/schema.org\",\"@graph\":[{\"@type\":\"WebPage\",\"@id\":\"https:\\\/\\\/dejureasambleaptoptard.com\\\/?page_id=49\",\"url\":\"https:\\\/\\\/dejureasambleaptoptard.com\\\/?page_id=49\",\"name\":\"INICIO - DE JURE ASAMBLEA PUERTO PLATA R.D.\",\"isPartOf\":{\"@id\":\"https:\\\/\\\/dejureasambleaptoptard.com\\\/#website\"},\"primaryImageOfPage\":{\"@id\":\"https:\\\/\\\/dejureasambleaptoptard.com\\\/?page_id=49#primaryimage\"},\"image\":{\"@id\":\"https:\\\/\\\/dejureasambleaptoptard.com\\\/?page_id=49#primaryimage\"},\"thumbnailUrl\":\"https:\\\/\\\/dejureasambleaptoptard.com\\\/wp-content\\\/uploads\\\/2022\\\/02\\\/mapa-pop-250x136-2.jpg\",\"datePublished\":\"2022-02-11T20:38:45+00:00\",\"dateModified\":\"2022-02-11T21:54:24+00:00\",\"breadcrumb\":{\"@id\":\"https:\\\/\\\/dejureasambleaptoptard.com\\\/?page_id=49#breadcrumb\"},\"inLanguage\":\"es\",\"potentialAction\":[{\"@type\":\"ReadAction\",\"target\":[\"https:\\\/\\\/dejureasambleaptoptard.com\\\/?page_id=49\"]}]},{\"@type\":\"ImageObject\",\"inLanguage\":\"es\",\"@id\":\"https:\\\/\\\/dejureasambleaptoptard.com\\\/?page_id=49#primaryimage\",\"url\":\"https:\\\/\\\/dejureasambleaptoptard.com\\\/wp-content\\\/uploads\\\/2022\\\/02\\\/mapa-pop-250x136-2.jpg\",\"contentUrl\":\"https:\\\/\\\/dejureasambleaptoptard.com\\\/wp-content\\\/uploads\\\/2022\\\/02\\\/mapa-pop-250x136-2.jpg\",\"width\":250,\"height\":136},{\"@type\":\"BreadcrumbList\",\"@id\":\"https:\\\/\\\/dejureasambleaptoptard.com\\\/?page_id=49#breadcrumb\",\"itemListElement\":[{\"@type\":\"ListItem\",\"position\":1,\"name\":\"Portada\",\"item\":\"https:\\\/\\\/dejureasambleaptoptard.com\\\/\"},{\"@type\":\"ListItem\",\"position\":2,\"name\":\"INICIO\"}]},{\"@type\":\"WebSite\",\"@id\":\"https:\\\/\\\/dejureasambleaptoptard.com\\\/#website\",\"url\":\"https:\\\/\\\/dejureasambleaptoptard.com\\\/\",\"name\":\"DE JURE ASAMBLEA PUERTO PLATA R.D.\",\"description\":\"POR UNA CIUDAD RESTAURADA\",\"publisher\":{\"@id\":\"https:\\\/\\\/dejureasambleaptoptard.com\\\/#organization\"},\"potentialAction\":[{\"@type\":\"SearchAction\",\"target\":{\"@type\":\"EntryPoint\",\"urlTemplate\":\"https:\\\/\\\/dejureasambleaptoptard.com\\\/?s={search_term_string}\"},\"query-input\":{\"@type\":\"PropertyValueSpecification\",\"valueRequired\":true,\"valueName\":\"search_term_string\"}}],\"inLanguage\":\"es\"},{\"@type\":\"Organization\",\"@id\":\"https:\\\/\\\/dejureasambleaptoptard.com\\\/#organization\",\"name\":\"DE JURE ASAMBLEA PUERTO PLATA R.D.\",\"url\":\"https:\\\/\\\/dejureasambleaptoptard.com\\\/\",\"logo\":{\"@type\":\"ImageObject\",\"inLanguage\":\"es\",\"@id\":\"https:\\\/\\\/dejureasambleaptoptard.com\\\/#\\\/schema\\\/logo\\\/image\\\/\",\"url\":\"https:\\\/\\\/dejureasambleaptoptard.com\\\/wp-content\\\/uploads\\\/2022\\\/02\\\/logo-MARIO-BONILLA-1.jpg\",\"contentUrl\":\"https:\\\/\\\/dejureasambleaptoptard.com\\\/wp-content\\\/uploads\\\/2022\\\/02\\\/logo-MARIO-BONILLA-1.jpg\",\"width\":1500,\"height\":1500,\"caption\":\"DE JURE ASAMBLEA PUERTO PLATA R.D.\"},\"image\":{\"@id\":\"https:\\\/\\\/dejureasambleaptoptard.com\\\/#\\\/schema\\\/logo\\\/image\\\/\"}}]}<\/script>\n<!-- \/ Yoast SEO plugin. -->","yoast_head_json":{"title":"INICIO - DE JURE ASAMBLEA PUERTO PLATA R.D.","robots":{"index":"index","follow":"follow","max-snippet":"max-snippet:-1","max-image-preview":"max-image-preview:large","max-video-preview":"max-video-preview:-1"},"canonical":"https:\/\/dejureasambleaptoptard.com\/?page_id=49","og_locale":"es_ES","og_type":"article","og_title":"INICIO - DE JURE ASAMBLEA PUERTO PLATA R.D.","og_description":"Bienvenida Bienvenido a formar parte de DE JURE ASAMBLEA PUERTO PLARA, R,D., la cual es una instituci\u00f3n sin fines de lucro, destinada a la restauraci\u00f3n &hellip;","og_url":"https:\/\/dejureasambleaptoptard.com\/?page_id=49","og_site_name":"DE JURE ASAMBLEA PUERTO PLATA R.D.","article_modified_time":"2022-02-11T21:54:24+00:00","og_image":[{"url":"https:\/\/dejureasambleaptoptard.com\/wp-content\/uploads\/2022\/02\/mapa-pop-250x136-2.jpg","type":"","width":"","height":""}],"twitter_card":"summary_large_image","twitter_misc":{"Tiempo de lectura":"2 minutos"},"schema":{"@context":"https:\/\/schema.org","@graph":[{"@type":"WebPage","@id":"https:\/\/dejureasambleaptoptard.com\/?page_id=49","url":"https:\/\/dejureasambleaptoptard.com\/?page_id=49","name":"INICIO - DE JURE ASAMBLEA PUERTO PLATA R.D.","isPartOf":{"@id":"https:\/\/dejureasambleaptoptard.com\/#website"},"primaryImageOfPage":{"@id":"https:\/\/dejureasambleaptoptard.com\/?page_id=49#primaryimage"},"image":{"@id":"https:\/\/dejureasambleaptoptard.com\/?page_id=49#primaryimage"},"thumbnailUrl":"https:\/\/dejureasambleaptoptard.com\/wp-content\/uploads\/2022\/02\/mapa-pop-250x136-2.jpg","datePublished":"2022-02-11T20:38:45+00:00","dateModified":"2022-02-11T21:54:24+00:00","breadcrumb":{"@id":"https:\/\/dejureasambleaptoptard.com\/?page_id=49#breadcrumb"},"inLanguage":"es","potentialAction":[{"@type":"ReadAction","target":["https:\/\/dejureasambleaptoptard.com\/?page_id=49"]}]},{"@type":"ImageObject","inLanguage":"es","@id":"https:\/\/dejureasambleaptoptard.com\/?page_id=49#primaryimage","url":"https:\/\/dejureasambleaptoptard.com\/wp-content\/uploads\/2022\/02\/mapa-pop-250x136-2.jpg","contentUrl":"https:\/\/dejureasambleaptoptard.com\/wp-content\/uploads\/2022\/02\/mapa-pop-250x136-2.jpg","width":250,"height":136},{"@type":"BreadcrumbList","@id":"https:\/\/dejureasambleaptoptard.com\/?page_id=49#breadcrumb","itemListElement":[{"@type":"ListItem","position":1,"name":"Portada","item":"https:\/\/dejureasambleaptoptard.com\/"},{"@type":"ListItem","position":2,"name":"INICIO"}]},{"@type":"WebSite","@id":"https:\/\/dejureasambleaptoptard.com\/#website","url":"https:\/\/dejureasambleaptoptard.com\/","name":"DE JURE ASAMBLEA PUERTO PLATA R.D.","description":"POR UNA CIUDAD RESTAURADA","publisher":{"@id":"https:\/\/dejureasambleaptoptard.com\/#organization"},"potentialAction":[{"@type":"SearchAction","target":{"@type":"EntryPoint","urlTemplate":"https:\/\/dejureasambleaptoptard.com\/?s={search_term_string}"},"query-input":{"@type":"PropertyValueSpecification","valueRequired":true,"valueName":"search_term_string"}}],"inLanguage":"es"},{"@type":"Organization","@id":"https:\/\/dejureasambleaptoptard.com\/#organization","name":"DE JURE ASAMBLEA PUERTO PLATA R.D.","url":"https:\/\/dejureasambleaptoptard.com\/","logo":{"@type":"ImageObject","inLanguage":"es","@id":"https:\/\/dejureasambleaptoptard.com\/#\/schema\/logo\/image\/","url":"https:\/\/dejureasambleaptoptard.com\/wp-content\/uploads\/2022\/02\/logo-MARIO-BONILLA-1.jpg","contentUrl":"https:\/\/dejureasambleaptoptard.com\/wp-content\/uploads\/2022\/02\/logo-MARIO-BONILLA-1.jpg","width":1500,"height":1500,"caption":"DE JURE ASAMBLEA PUERTO PLATA R.D."},"image":{"@id":"https:\/\/dejureasambleaptoptard.com\/#\/schema\/logo\/image\/"}}]}},"_links":{"self":[{"href":"https:\/\/dejureasambleaptoptard.com\/index.php?rest_route=\/wp\/v2\/pages\/49","targetHints":{"allow":["GET"]}}],"collection":[{"href":"https:\/\/dejureasambleaptoptard.com\/index.php?rest_route=\/wp\/v2\/pages"}],"about":[{"href":"https:\/\/dejureasambleaptoptard.com\/index.php?rest_route=\/wp\/v2\/types\/page"}],"author":[{"embeddable":true,"href":"https:\/\/dejureasambleaptoptard.com\/index.php?rest_route=\/wp\/v2\/users\/1"}],"replies":[{"embeddable":true,"href":"https:\/\/dejureasambleaptoptard.com\/index.php?rest_route=%2Fwp%2Fv2%2Fcomments&post=49"}],"version-history":[{"count":7,"href":"https:\/\/dejureasambleaptoptard.com\/index.php?rest_route=\/wp\/v2\/pages\/49\/revisions"}],"predecessor-version":[{"id":62,"href":"https:\/\/dejureasambleaptoptard.com\/index.php?rest_route=\/wp\/v2\/pages\/49\/revisions\/62"}],"wp:attachment":[{"href":"https:\/\/dejureasambleaptoptard.com\/index.php?rest_route=%2Fwp%2Fv2%2Fmedia&parent=49"}],"curies":[{"name":"wp","href":"https:\/\/api.w.org\/{rel}","templated":true}]}}