{"id":76,"date":"2022-02-12T18:01:24","date_gmt":"2022-02-12T22:31:24","guid":{"rendered":"https:\/\/dejureasambleaptoptard.com\/?page_id=76"},"modified":"2022-02-25T17:52:38","modified_gmt":"2022-02-25T22:22:38","slug":"n","status":"publish","type":"page","link":"https:\/\/dejureasambleaptoptard.com\/?page_id=76","title":{"rendered":"Nuestro Trabajo"},"content":{"rendered":"\t\t<div data-elementor-type=\"wp-page\" data-elementor-id=\"76\" class=\"elementor elementor-76\">\n\t\t\t\t\t\t<section class=\"elementor-section elementor-top-section elementor-element elementor-element-f3f7f9e elementor-section-boxed elementor-section-height-default elementor-section-height-default\" data-id=\"f3f7f9e\" data-element_type=\"section\" data-e-type=\"section\">\n\t\t\t\t\t\t<div class=\"elementor-container elementor-column-gap-default\">\n\t\t\t\t\t<div class=\"elementor-column elementor-col-100 elementor-top-column elementor-element elementor-element-4344606\" data-id=\"4344606\" data-element_type=\"column\" data-e-type=\"column\">\n\t\t\t<div class=\"elementor-widget-wrap elementor-element-populated\">\n\t\t\t\t\t\t<div class=\"elementor-element elementor-element-3e8de22 elementor-widget elementor-widget-image\" data-id=\"3e8de22\" data-element_type=\"widget\" data-e-type=\"widget\" data-widget_type=\"image.default\">\n\t\t\t\t<div class=\"elementor-widget-container\">\n\t\t\t\t\t\t\t\t\t\t\t\t\t\t\t\t<a href=\"https:\/\/dejureasambleaptoptard.com\/\">\n\t\t\t\t\t\t\t<img decoding=\"async\" width=\"150\" height=\"150\" src=\"https:\/\/dejureasambleaptoptard.com\/wp-content\/uploads\/2022\/02\/logo-MARIO-BONILLA-150x150.jpg\" class=\"attachment-thumbnail size-thumbnail wp-image-9\" alt=\"\" srcset=\"https:\/\/dejureasambleaptoptard.com\/wp-content\/uploads\/2022\/02\/logo-MARIO-BONILLA-150x150.jpg 150w, https:\/\/dejureasambleaptoptard.com\/wp-content\/uploads\/2022\/02\/logo-MARIO-BONILLA-300x300.jpg 300w, https:\/\/dejureasambleaptoptard.com\/wp-content\/uploads\/2022\/02\/logo-MARIO-BONILLA-1024x1024.jpg 1024w, https:\/\/dejureasambleaptoptard.com\/wp-content\/uploads\/2022\/02\/logo-MARIO-BONILLA-768x768.jpg 768w, https:\/\/dejureasambleaptoptard.com\/wp-content\/uploads\/2022\/02\/logo-MARIO-BONILLA.jpg 1500w\" sizes=\"(max-width: 150px) 100vw, 150px\" \/>\t\t\t\t\t\t\t\t<\/a>\n\t\t\t\t\t\t\t\t\t\t\t\t\t\t\t<\/div>\n\t\t\t\t<\/div>\n\t\t\t\t<div class=\"elementor-element elementor-element-9182be8 elementor-widget elementor-widget-heading\" data-id=\"9182be8\" data-element_type=\"widget\" data-e-type=\"widget\" data-widget_type=\"heading.default\">\n\t\t\t\t<div class=\"elementor-widget-container\">\n\t\t\t\t\t<h2 class=\"elementor-heading-title elementor-size-default\">De Jure Asamblea Puerto Plata, R.D<\/h2>\t\t\t\t<\/div>\n\t\t\t\t<\/div>\n\t\t\t\t\t<\/div>\n\t\t<\/div>\n\t\t\t\t\t<\/div>\n\t\t<\/section>\n\t\t\t\t<section class=\"elementor-section elementor-top-section elementor-element elementor-element-766db2c elementor-section-boxed elementor-section-height-default elementor-section-height-default\" data-id=\"766db2c\" data-element_type=\"section\" data-e-type=\"section\">\n\t\t\t\t\t\t<div class=\"elementor-container elementor-column-gap-default\">\n\t\t\t\t\t<div class=\"elementor-column elementor-col-100 elementor-top-column elementor-element elementor-element-e66901b\" data-id=\"e66901b\" data-element_type=\"column\" data-e-type=\"column\">\n\t\t\t<div class=\"elementor-widget-wrap elementor-element-populated\">\n\t\t\t\t\t\t<div class=\"elementor-element elementor-element-8170062 elementor-widget elementor-widget-text-editor\" data-id=\"8170062\" data-element_type=\"widget\" data-e-type=\"widget\" data-widget_type=\"text-editor.default\">\n\t\t\t\t<div class=\"elementor-widget-container\">\n\t\t\t\t\t\t\t\t\t<h2>Qui\u00e9nes somos<\/h2><p>De Jure Asamblea Puerto Plata, R.D, es una instituci\u00f3n sin fines de lucro con personas de ideas afines que se dedican a la restauraci\u00f3n de los derechos naturales de los ciudadanos de Puerto Plata.<\/p><p>Trabajamos con las comunidades para incorporar muchas iniciativas de proyectos fundamentales en nuestro diario vivir. Dichas iniciativas incluir\u00e1n, entre otras cosas, la creaci\u00f3n de nuevas fuentes de energ\u00eda, un sistema de atenci\u00f3n m\u00e9dica integral, protecci\u00f3n al medio ambiente, restauraci\u00f3n de las Aguas con soluciones de agua potable, viviendas asequibles para todos, un sistema educativo inclusivo, salud y bienestar ciudadano, servicios p\u00fablicos y agricultura regenerativa que proporciones un suministro de alimentos saludables para todos los ciudadanos.<\/p>\t\t\t\t\t\t\t\t<\/div>\n\t\t\t\t<\/div>\n\t\t\t\t\t<\/div>\n\t\t<\/div>\n\t\t\t\t\t<\/div>\n\t\t<\/section>\n\t\t\t\t<section class=\"elementor-section elementor-top-section elementor-element elementor-element-953bca8 elementor-section-boxed elementor-section-height-default elementor-section-height-default\" data-id=\"953bca8\" data-element_type=\"section\" data-e-type=\"section\">\n\t\t\t\t\t\t<div class=\"elementor-container elementor-column-gap-default\">\n\t\t\t\t\t<div class=\"elementor-column elementor-col-100 elementor-top-column elementor-element elementor-element-0d4b837\" data-id=\"0d4b837\" data-element_type=\"column\" data-e-type=\"column\">\n\t\t\t<div class=\"elementor-widget-wrap elementor-element-populated\">\n\t\t\t\t\t\t<div class=\"elementor-element elementor-element-2bae0b6 elementor-widget elementor-widget-text-editor\" data-id=\"2bae0b6\" data-element_type=\"widget\" data-e-type=\"widget\" data-widget_type=\"text-editor.default\">\n\t\t\t\t<div class=\"elementor-widget-container\">\n\t\t\t\t\t\t\t\t\t<h2><strong>C\u00f3mo logramos alcanzar nuestra misi\u00f3n<\/strong><\/h2><p>La Asamblea tiene formado un consejo de 12 miembros electos, un subconsejo de 11 comit\u00e9s de tres miembros cada uno, y el equipo de Restauraci\u00f3n. \u00a0Nuestro trabajo es asegurar que se cumpla la voluntad de los residentes de la provincia de Puerto Plata a trav\u00e9s de las legislaciones que lleven a cabo el mandato del autogobierno.<\/p><p>Todos los ciudadanos de Puerto Plata formamos parte de De Jure Asamblea Puerto Plata, R.D.. Si est\u00e1s interesado en ayudar a restaurar la ciudad, municipio, Distrito Municipal, nuestras comunidades no dudes en\u00a0contactarnos.<\/p>\t\t\t\t\t\t\t\t<\/div>\n\t\t\t\t<\/div>\n\t\t\t\t\t<\/div>\n\t\t<\/div>\n\t\t\t\t\t<\/div>\n\t\t<\/section>\n\t\t\t\t<\/div>\n\t\t","protected":false},"excerpt":{"rendered":"<p>De Jure Asamblea Puerto Plata, R.D Qui\u00e9nes somos De Jure Asamblea Puerto Plata, R.D, es una instituci\u00f3n sin fines de lucro con personas de ideas &hellip;<\/p>\n","protected":false},"author":1,"featured_media":0,"parent":0,"menu_order":0,"comment_status":"closed","ping_status":"closed","template":"","meta":{"footnotes":""},"class_list":["post-76","page","type-page","status-publish","hentry"],"yoast_head":"<!-- This site is optimized with the Yoast SEO plugin v27.4 - https:\/\/yoast.com\/product\/yoast-seo-wordpress\/ -->\n<title>Nuestro Trabajo - DE JURE ASAMBLEA PUERTO PLATA R.D.<\/title>\n<meta name=\"robots\" content=\"index, follow, max-snippet:-1, max-image-preview:large, max-video-preview:-1\" \/>\n<link rel=\"canonical\" href=\"https:\/\/dejureasambleaptoptard.com\/?page_id=76\" \/>\n<meta property=\"og:locale\" content=\"es_ES\" \/>\n<meta property=\"og:type\" content=\"article\" \/>\n<meta property=\"og:title\" content=\"Nuestro Trabajo - DE JURE ASAMBLEA PUERTO PLATA R.D.\" \/>\n<meta property=\"og:description\" content=\"De Jure Asamblea Puerto Plata, R.D Qui\u00e9nes somos De Jure Asamblea Puerto Plata, R.D, es una instituci\u00f3n sin fines de lucro con personas de ideas &hellip;\" \/>\n<meta property=\"og:url\" content=\"https:\/\/dejureasambleaptoptard.com\/?page_id=76\" \/>\n<meta property=\"og:site_name\" content=\"DE JURE ASAMBLEA PUERTO PLATA R.D.\" \/>\n<meta property=\"article:modified_time\" content=\"2022-02-25T22:22:38+00:00\" \/>\n<meta property=\"og:image\" content=\"https:\/\/dejureasambleaptoptard.com\/wp-content\/uploads\/2022\/02\/logo-MARIO-BONILLA-150x150.jpg\" \/>\n<meta name=\"twitter:card\" content=\"summary_large_image\" \/>\n<meta name=\"twitter:label1\" content=\"Tiempo de lectura\" \/>\n\t<meta name=\"twitter:data1\" content=\"2 minutos\" \/>\n<script type=\"application\/ld+json\" class=\"yoast-schema-graph\">{\"@context\":\"https:\\\/\\\/schema.org\",\"@graph\":[{\"@type\":\"WebPage\",\"@id\":\"https:\\\/\\\/dejureasambleaptoptard.com\\\/?page_id=76\",\"url\":\"https:\\\/\\\/dejureasambleaptoptard.com\\\/?page_id=76\",\"name\":\"Nuestro Trabajo - DE JURE ASAMBLEA PUERTO PLATA R.D.\",\"isPartOf\":{\"@id\":\"https:\\\/\\\/dejureasambleaptoptard.com\\\/#website\"},\"primaryImageOfPage\":{\"@id\":\"https:\\\/\\\/dejureasambleaptoptard.com\\\/?page_id=76#primaryimage\"},\"image\":{\"@id\":\"https:\\\/\\\/dejureasambleaptoptard.com\\\/?page_id=76#primaryimage\"},\"thumbnailUrl\":\"https:\\\/\\\/dejureasambleaptoptard.com\\\/wp-content\\\/uploads\\\/2022\\\/02\\\/logo-MARIO-BONILLA-150x150.jpg\",\"datePublished\":\"2022-02-12T22:31:24+00:00\",\"dateModified\":\"2022-02-25T22:22:38+00:00\",\"breadcrumb\":{\"@id\":\"https:\\\/\\\/dejureasambleaptoptard.com\\\/?page_id=76#breadcrumb\"},\"inLanguage\":\"es\",\"potentialAction\":[{\"@type\":\"ReadAction\",\"target\":[\"https:\\\/\\\/dejureasambleaptoptard.com\\\/?page_id=76\"]}]},{\"@type\":\"ImageObject\",\"inLanguage\":\"es\",\"@id\":\"https:\\\/\\\/dejureasambleaptoptard.com\\\/?page_id=76#primaryimage\",\"url\":\"https:\\\/\\\/dejureasambleaptoptard.com\\\/wp-content\\\/uploads\\\/2022\\\/02\\\/logo-MARIO-BONILLA.jpg\",\"contentUrl\":\"https:\\\/\\\/dejureasambleaptoptard.com\\\/wp-content\\\/uploads\\\/2022\\\/02\\\/logo-MARIO-BONILLA.jpg\",\"width\":1500,\"height\":1500},{\"@type\":\"BreadcrumbList\",\"@id\":\"https:\\\/\\\/dejureasambleaptoptard.com\\\/?page_id=76#breadcrumb\",\"itemListElement\":[{\"@type\":\"ListItem\",\"position\":1,\"name\":\"Portada\",\"item\":\"https:\\\/\\\/dejureasambleaptoptard.com\\\/\"},{\"@type\":\"ListItem\",\"position\":2,\"name\":\"Nuestro Trabajo\"}]},{\"@type\":\"WebSite\",\"@id\":\"https:\\\/\\\/dejureasambleaptoptard.com\\\/#website\",\"url\":\"https:\\\/\\\/dejureasambleaptoptard.com\\\/\",\"name\":\"DE JURE ASAMBLEA PUERTO PLATA R.D.\",\"description\":\"POR UNA CIUDAD RESTAURADA\",\"publisher\":{\"@id\":\"https:\\\/\\\/dejureasambleaptoptard.com\\\/#organization\"},\"potentialAction\":[{\"@type\":\"SearchAction\",\"target\":{\"@type\":\"EntryPoint\",\"urlTemplate\":\"https:\\\/\\\/dejureasambleaptoptard.com\\\/?s={search_term_string}\"},\"query-input\":{\"@type\":\"PropertyValueSpecification\",\"valueRequired\":true,\"valueName\":\"search_term_string\"}}],\"inLanguage\":\"es\"},{\"@type\":\"Organization\",\"@id\":\"https:\\\/\\\/dejureasambleaptoptard.com\\\/#organization\",\"name\":\"DE JURE ASAMBLEA PUERTO PLATA R.D.\",\"url\":\"https:\\\/\\\/dejureasambleaptoptard.com\\\/\",\"logo\":{\"@type\":\"ImageObject\",\"inLanguage\":\"es\",\"@id\":\"https:\\\/\\\/dejureasambleaptoptard.com\\\/#\\\/schema\\\/logo\\\/image\\\/\",\"url\":\"https:\\\/\\\/dejureasambleaptoptard.com\\\/wp-content\\\/uploads\\\/2022\\\/02\\\/logo-MARIO-BONILLA-1.jpg\",\"contentUrl\":\"https:\\\/\\\/dejureasambleaptoptard.com\\\/wp-content\\\/uploads\\\/2022\\\/02\\\/logo-MARIO-BONILLA-1.jpg\",\"width\":1500,\"height\":1500,\"caption\":\"DE JURE ASAMBLEA PUERTO PLATA R.D.\"},\"image\":{\"@id\":\"https:\\\/\\\/dejureasambleaptoptard.com\\\/#\\\/schema\\\/logo\\\/image\\\/\"}}]}<\/script>\n<!-- \/ Yoast SEO plugin. -->","yoast_head_json":{"title":"Nuestro Trabajo - DE JURE ASAMBLEA PUERTO PLATA R.D.","robots":{"index":"index","follow":"follow","max-snippet":"max-snippet:-1","max-image-preview":"max-image-preview:large","max-video-preview":"max-video-preview:-1"},"canonical":"https:\/\/dejureasambleaptoptard.com\/?page_id=76","og_locale":"es_ES","og_type":"article","og_title":"Nuestro Trabajo - DE JURE ASAMBLEA PUERTO PLATA R.D.","og_description":"De Jure Asamblea Puerto Plata, R.D Qui\u00e9nes somos De Jure Asamblea Puerto Plata, R.D, es una instituci\u00f3n sin fines de lucro con personas de ideas &hellip;","og_url":"https:\/\/dejureasambleaptoptard.com\/?page_id=76","og_site_name":"DE JURE ASAMBLEA PUERTO PLATA R.D.","article_modified_time":"2022-02-25T22:22:38+00:00","og_image":[{"url":"https:\/\/dejureasambleaptoptard.com\/wp-content\/uploads\/2022\/02\/logo-MARIO-BONILLA-150x150.jpg","type":"","width":"","height":""}],"twitter_card":"summary_large_image","twitter_misc":{"Tiempo de lectura":"2 minutos"},"schema":{"@context":"https:\/\/schema.org","@graph":[{"@type":"WebPage","@id":"https:\/\/dejureasambleaptoptard.com\/?page_id=76","url":"https:\/\/dejureasambleaptoptard.com\/?page_id=76","name":"Nuestro Trabajo - DE JURE ASAMBLEA PUERTO PLATA R.D.","isPartOf":{"@id":"https:\/\/dejureasambleaptoptard.com\/#website"},"primaryImageOfPage":{"@id":"https:\/\/dejureasambleaptoptard.com\/?page_id=76#primaryimage"},"image":{"@id":"https:\/\/dejureasambleaptoptard.com\/?page_id=76#primaryimage"},"thumbnailUrl":"https:\/\/dejureasambleaptoptard.com\/wp-content\/uploads\/2022\/02\/logo-MARIO-BONILLA-150x150.jpg","datePublished":"2022-02-12T22:31:24+00:00","dateModified":"2022-02-25T22:22:38+00:00","breadcrumb":{"@id":"https:\/\/dejureasambleaptoptard.com\/?page_id=76#breadcrumb"},"inLanguage":"es","potentialAction":[{"@type":"ReadAction","target":["https:\/\/dejureasambleaptoptard.com\/?page_id=76"]}]},{"@type":"ImageObject","inLanguage":"es","@id":"https:\/\/dejureasambleaptoptard.com\/?page_id=76#primaryimage","url":"https:\/\/dejureasambleaptoptard.com\/wp-content\/uploads\/2022\/02\/logo-MARIO-BONILLA.jpg","contentUrl":"https:\/\/dejureasambleaptoptard.com\/wp-content\/uploads\/2022\/02\/logo-MARIO-BONILLA.jpg","width":1500,"height":1500},{"@type":"BreadcrumbList","@id":"https:\/\/dejureasambleaptoptard.com\/?page_id=76#breadcrumb","itemListElement":[{"@type":"ListItem","position":1,"name":"Portada","item":"https:\/\/dejureasambleaptoptard.com\/"},{"@type":"ListItem","position":2,"name":"Nuestro Trabajo"}]},{"@type":"WebSite","@id":"https:\/\/dejureasambleaptoptard.com\/#website","url":"https:\/\/dejureasambleaptoptard.com\/","name":"DE JURE ASAMBLEA PUERTO PLATA R.D.","description":"POR UNA CIUDAD RESTAURADA","publisher":{"@id":"https:\/\/dejureasambleaptoptard.com\/#organization"},"potentialAction":[{"@type":"SearchAction","target":{"@type":"EntryPoint","urlTemplate":"https:\/\/dejureasambleaptoptard.com\/?s={search_term_string}"},"query-input":{"@type":"PropertyValueSpecification","valueRequired":true,"valueName":"search_term_string"}}],"inLanguage":"es"},{"@type":"Organization","@id":"https:\/\/dejureasambleaptoptard.com\/#organization","name":"DE JURE ASAMBLEA PUERTO PLATA R.D.","url":"https:\/\/dejureasambleaptoptard.com\/","logo":{"@type":"ImageObject","inLanguage":"es","@id":"https:\/\/dejureasambleaptoptard.com\/#\/schema\/logo\/image\/","url":"https:\/\/dejureasambleaptoptard.com\/wp-content\/uploads\/2022\/02\/logo-MARIO-BONILLA-1.jpg","contentUrl":"https:\/\/dejureasambleaptoptard.com\/wp-content\/uploads\/2022\/02\/logo-MARIO-BONILLA-1.jpg","width":1500,"height":1500,"caption":"DE JURE ASAMBLEA PUERTO PLATA R.D."},"image":{"@id":"https:\/\/dejureasambleaptoptard.com\/#\/schema\/logo\/image\/"}}]}},"_links":{"self":[{"href":"https:\/\/dejureasambleaptoptard.com\/index.php?rest_route=\/wp\/v2\/pages\/76","targetHints":{"allow":["GET"]}}],"collection":[{"href":"https:\/\/dejureasambleaptoptard.com\/index.php?rest_route=\/wp\/v2\/pages"}],"about":[{"href":"https:\/\/dejureasambleaptoptard.com\/index.php?rest_route=\/wp\/v2\/types\/page"}],"author":[{"embeddable":true,"href":"https:\/\/dejureasambleaptoptard.com\/index.php?rest_route=\/wp\/v2\/users\/1"}],"replies":[{"embeddable":true,"href":"https:\/\/dejureasambleaptoptard.com\/index.php?rest_route=%2Fwp%2Fv2%2Fcomments&post=76"}],"version-history":[{"count":18,"href":"https:\/\/dejureasambleaptoptard.com\/index.php?rest_route=\/wp\/v2\/pages\/76\/revisions"}],"predecessor-version":[{"id":381,"href":"https:\/\/dejureasambleaptoptard.com\/index.php?rest_route=\/wp\/v2\/pages\/76\/revisions\/381"}],"wp:attachment":[{"href":"https:\/\/dejureasambleaptoptard.com\/index.php?rest_route=%2Fwp%2Fv2%2Fmedia&parent=76"}],"curies":[{"name":"wp","href":"https:\/\/api.w.org\/{rel}","templated":true}]}}